{"id":4515,"date":"2022-03-03T18:25:29","date_gmt":"2022-03-03T17:25:29","guid":{"rendered":"http:\/\/37431.web.zcom.it\/downloads\/"},"modified":"2022-03-03T18:25:29","modified_gmt":"2022-03-03T17:25:29","slug":"downloads","status":"publish","type":"page","link":"https:\/\/www.garten-winkler.it\/it\/downloads\/","title":{"rendered":"Downloads"},"content":{"rendered":"\n<style type=\"text\/css\" data-created_by=\"avia_inline_auto\" id=\"style-css-av-l0b68x53-73b35d9cae62ed1cd6cb36f98ca98a0f\">\n#top .av-special-heading.av-l0b68x53-73b35d9cae62ed1cd6cb36f98ca98a0f{\npadding-bottom:10px;\n}\nbody .av-special-heading.av-l0b68x53-73b35d9cae62ed1cd6cb36f98ca98a0f .av-special-heading-tag .heading-char{\nfont-size:25px;\n}\n.av-special-heading.av-l0b68x53-73b35d9cae62ed1cd6cb36f98ca98a0f .av-subheading{\nfont-size:15px;\n}\n<\/style>\n<div  class='av-special-heading av-l0b68x53-73b35d9cae62ed1cd6cb36f98ca98a0f av-special-heading-h1  avia-builder-el-0  el_before_av_one_half  avia-builder-el-first '><h1 class='av-special-heading-tag'  itemprop=\"headline\"  >Downloads<\/h1><div class=\"special-heading-border\"><div class=\"special-heading-inner-border\"><\/div><\/div><\/div>\n<div class='flex_column av-av_one_half-d846867a37b468541bc8830743d44203 av_one_half  avia-builder-el-1  el_after_av_heading  el_before_av_one_half  first flex_column_div '     ><p>\n<style type=\"text\/css\" data-created_by=\"avia_inline_auto\" id=\"style-css-av-l0b6b5ue-b1bad488aaff16fb9abc81cfe7d16c71\">\n#top .av-special-heading.av-l0b6b5ue-b1bad488aaff16fb9abc81cfe7d16c71{\npadding-bottom:10px;\n}\nbody .av-special-heading.av-l0b6b5ue-b1bad488aaff16fb9abc81cfe7d16c71 .av-special-heading-tag .heading-char{\nfont-size:25px;\n}\n.av-special-heading.av-l0b6b5ue-b1bad488aaff16fb9abc81cfe7d16c71 .av-subheading{\nfont-size:15px;\n}\n<\/style>\n<div  class='av-special-heading av-l0b6b5ue-b1bad488aaff16fb9abc81cfe7d16c71 av-special-heading-h3  avia-builder-el-2  el_before_av_textblock  avia-builder-el-first '><h3 class='av-special-heading-tag'  itemprop=\"headline\"  >Experts Groups Folder<\/h3><div class=\"special-heading-border\"><div class=\"special-heading-inner-border\"><\/div><\/div><\/div><br \/>\n<section  class='av_textblock_section av-l0b69wi1-81130e2d981640c9411ee15d72439ef9'  itemscope=\"itemscope\" itemtype=\"https:\/\/schema.org\/CreativeWork\" ><div class='avia_textblock'  itemprop=\"text\" ><p><a href=\"https:\/\/issuu.com\/pz-media\/docs\/expertsgroup_katalog_ausgabe_1_2019\" target=\"_blank\" rel=\"noopener\">Experts-Group 1-2019<\/a><\/p>\n<p><a href=\"https:\/\/issuu.com\/pz-media\/docs\/expertsgroup_katalog_ausgabe_2_2019\" target=\"_blank\" rel=\"noopener\">Experts-Group 2-2019<\/a><\/p>\n<p><a href=\"https:\/\/issuu.com\/pz-media\/docs\/expertsgroup_katalog_ausgabe_3_2019\" target=\"_blank\" rel=\"noopener\">Experts-Group 3-2019<\/a><\/p>\n<p><a href=\"https:\/\/issuu.com\/pz-media\/docs\/expertsgroup_katalog_ausgabe_1_2020_web\" target=\"_blank\" rel=\"noopener\">Experts-Group 1-2020<\/a><\/p>\n<p><a href=\"https:\/\/issuu.com\/pz-media\/docs\/expertsgroup_katalog_ausgabe_2_2020_web\" target=\"_blank\" rel=\"noopener\">Experts-Group 2-2020<\/a><\/p>\n<p><a href=\"https:\/\/issuu.com\/pz-media\/docs\/expertsgroup_katalog_ausgabe_3_2020_web\" target=\"_blank\" rel=\"noopener\">Experts-Group 3-2020<\/a><\/p>\n<\/div><\/section><\/p><\/div><div class='flex_column av-av_one_half-337486787960716147ecfb4074cb91c6 av_one_half  avia-builder-el-4  el_after_av_one_half  avia-builder-el-last  flex_column_div '     ><p>\n<style type=\"text\/css\" data-created_by=\"avia_inline_auto\" id=\"style-css-av-l0b6bhjo-c62085e5dd1f448dd972798d97b42a20\">\n#top .av-special-heading.av-l0b6bhjo-c62085e5dd1f448dd972798d97b42a20{\npadding-bottom:10px;\n}\nbody .av-special-heading.av-l0b6bhjo-c62085e5dd1f448dd972798d97b42a20 .av-special-heading-tag .heading-char{\nfont-size:25px;\n}\n.av-special-heading.av-l0b6bhjo-c62085e5dd1f448dd972798d97b42a20 .av-subheading{\nfont-size:15px;\n}\n<\/style>\n<div  class='av-special-heading av-l0b6bhjo-c62085e5dd1f448dd972798d97b42a20 av-special-heading-h3  avia-builder-el-5  el_before_av_textblock  avia-builder-el-first '><h3 class='av-special-heading-tag'  itemprop=\"headline\"  >Folder di Winkler Garten<\/h3><div class=\"special-heading-border\"><div class=\"special-heading-inner-border\"><\/div><\/div><\/div><br \/>\n<section  class='av_textblock_section av-l0b6cwlj-ae7afe6a303b031044d552a2738c149c'  itemscope=\"itemscope\" itemtype=\"https:\/\/schema.org\/CreativeWork\" ><div class='avia_textblock'  itemprop=\"text\" ><p><a href=\"https:\/\/garten-winkler.it\/wp-content\/uploads\/2022\/03\/Winkler-Rasenpflege-download.pdf\" target=\"_blank\" rel=\"noopener\">Folder cura dei prati<\/a><\/p>\n<\/div><\/section><\/p><\/div><\/p>\n","protected":false},"excerpt":{"rendered":"","protected":false},"author":1,"featured_media":0,"parent":0,"menu_order":0,"comment_status":"closed","ping_status":"closed","template":"","meta":{"footnotes":""},"yoast_head":"<!-- This site is optimized with the Yoast SEO plugin v23.4 - https:\/\/yoast.com\/wordpress\/plugins\/seo\/ -->\n<title>Downloads - Garten Winkler, Au\u00dfengestaltung, Rasen, Pflanzarbeiten, Teichbau, Dachbegr\u00fcnung<\/title>\n<meta name=\"robots\" content=\"index, follow, max-snippet:-1, max-image-preview:large, max-video-preview:-1\" \/>\n<link rel=\"canonical\" href=\"https:\/\/www.garten-winkler.it\/it\/downloads\/\" \/>\n<meta property=\"og:locale\" content=\"it_IT\" \/>\n<meta property=\"og:type\" content=\"article\" \/>\n<meta property=\"og:title\" content=\"Downloads - Garten Winkler, Au\u00dfengestaltung, Rasen, Pflanzarbeiten, Teichbau, Dachbegr\u00fcnung\" \/>\n<meta property=\"og:url\" content=\"https:\/\/www.garten-winkler.it\/it\/downloads\/\" \/>\n<meta property=\"og:site_name\" content=\"Garten Winkler, Au\u00dfengestaltung, Rasen, Pflanzarbeiten, Teichbau, Dachbegr\u00fcnung\" \/>\n<meta name=\"twitter:card\" content=\"summary_large_image\" \/>\n<meta name=\"twitter:label1\" content=\"Tempo di lettura stimato\" \/>\n\t<meta name=\"twitter:data1\" content=\"5 minuti\" \/>\n<script type=\"application\/ld+json\" class=\"yoast-schema-graph\">{\"@context\":\"https:\/\/schema.org\",\"@graph\":[{\"@type\":\"WebPage\",\"@id\":\"https:\/\/www.garten-winkler.it\/it\/downloads\/\",\"url\":\"https:\/\/www.garten-winkler.it\/it\/downloads\/\",\"name\":\"Downloads - Garten Winkler, Au\u00dfengestaltung, Rasen, Pflanzarbeiten, Teichbau, Dachbegr\u00fcnung\",\"isPartOf\":{\"@id\":\"https:\/\/www.garten-winkler.it\/it\/#website\"},\"datePublished\":\"2022-03-03T17:25:29+00:00\",\"dateModified\":\"2022-03-03T17:25:29+00:00\",\"breadcrumb\":{\"@id\":\"https:\/\/www.garten-winkler.it\/it\/downloads\/#breadcrumb\"},\"inLanguage\":\"it-IT\",\"potentialAction\":[{\"@type\":\"ReadAction\",\"target\":[\"https:\/\/www.garten-winkler.it\/it\/downloads\/\"]}]},{\"@type\":\"BreadcrumbList\",\"@id\":\"https:\/\/www.garten-winkler.it\/it\/downloads\/#breadcrumb\",\"itemListElement\":[{\"@type\":\"ListItem\",\"position\":1,\"name\":\"Home\",\"item\":\"https:\/\/www.garten-winkler.it\/it\/home\/\"},{\"@type\":\"ListItem\",\"position\":2,\"name\":\"Downloads\"}]},{\"@type\":\"WebSite\",\"@id\":\"https:\/\/www.garten-winkler.it\/it\/#website\",\"url\":\"https:\/\/www.garten-winkler.it\/it\/\",\"name\":\"Garten Winkler, Au\u00dfengestaltung, Rasen, Pflanzarbeiten, Teichbau, Dachbegr\u00fcnung\",\"description\":\"Es gr\u00fcnt so gr\u00fcn, wenn Winklers G\u00e4rten bl\u00fchn\",\"potentialAction\":[{\"@type\":\"SearchAction\",\"target\":{\"@type\":\"EntryPoint\",\"urlTemplate\":\"https:\/\/www.garten-winkler.it\/it\/?s={search_term_string}\"},\"query-input\":{\"@type\":\"PropertyValueSpecification\",\"valueRequired\":true,\"valueName\":\"search_term_string\"}}],\"inLanguage\":\"it-IT\"}]}<\/script>\n<!-- \/ Yoast SEO plugin. -->","yoast_head_json":{"title":"Downloads - Garten Winkler, Au\u00dfengestaltung, Rasen, Pflanzarbeiten, Teichbau, Dachbegr\u00fcnung","robots":{"index":"index","follow":"follow","max-snippet":"max-snippet:-1","max-image-preview":"max-image-preview:large","max-video-preview":"max-video-preview:-1"},"canonical":"https:\/\/www.garten-winkler.it\/it\/downloads\/","og_locale":"it_IT","og_type":"article","og_title":"Downloads - Garten Winkler, Au\u00dfengestaltung, Rasen, Pflanzarbeiten, Teichbau, Dachbegr\u00fcnung","og_url":"https:\/\/www.garten-winkler.it\/it\/downloads\/","og_site_name":"Garten Winkler, Au\u00dfengestaltung, Rasen, Pflanzarbeiten, Teichbau, Dachbegr\u00fcnung","twitter_card":"summary_large_image","twitter_misc":{"Tempo di lettura stimato":"5 minuti"},"schema":{"@context":"https:\/\/schema.org","@graph":[{"@type":"WebPage","@id":"https:\/\/www.garten-winkler.it\/it\/downloads\/","url":"https:\/\/www.garten-winkler.it\/it\/downloads\/","name":"Downloads - Garten Winkler, Au\u00dfengestaltung, Rasen, Pflanzarbeiten, Teichbau, Dachbegr\u00fcnung","isPartOf":{"@id":"https:\/\/www.garten-winkler.it\/it\/#website"},"datePublished":"2022-03-03T17:25:29+00:00","dateModified":"2022-03-03T17:25:29+00:00","breadcrumb":{"@id":"https:\/\/www.garten-winkler.it\/it\/downloads\/#breadcrumb"},"inLanguage":"it-IT","potentialAction":[{"@type":"ReadAction","target":["https:\/\/www.garten-winkler.it\/it\/downloads\/"]}]},{"@type":"BreadcrumbList","@id":"https:\/\/www.garten-winkler.it\/it\/downloads\/#breadcrumb","itemListElement":[{"@type":"ListItem","position":1,"name":"Home","item":"https:\/\/www.garten-winkler.it\/it\/home\/"},{"@type":"ListItem","position":2,"name":"Downloads"}]},{"@type":"WebSite","@id":"https:\/\/www.garten-winkler.it\/it\/#website","url":"https:\/\/www.garten-winkler.it\/it\/","name":"Garten Winkler, Au\u00dfengestaltung, Rasen, Pflanzarbeiten, Teichbau, Dachbegr\u00fcnung","description":"Es gr\u00fcnt so gr\u00fcn, wenn Winklers G\u00e4rten bl\u00fchn","potentialAction":[{"@type":"SearchAction","target":{"@type":"EntryPoint","urlTemplate":"https:\/\/www.garten-winkler.it\/it\/?s={search_term_string}"},"query-input":{"@type":"PropertyValueSpecification","valueRequired":true,"valueName":"search_term_string"}}],"inLanguage":"it-IT"}]}},"_links":{"self":[{"href":"https:\/\/www.garten-winkler.it\/it\/wp-json\/wp\/v2\/pages\/4515"}],"collection":[{"href":"https:\/\/www.garten-winkler.it\/it\/wp-json\/wp\/v2\/pages"}],"about":[{"href":"https:\/\/www.garten-winkler.it\/it\/wp-json\/wp\/v2\/types\/page"}],"author":[{"embeddable":true,"href":"https:\/\/www.garten-winkler.it\/it\/wp-json\/wp\/v2\/users\/1"}],"replies":[{"embeddable":true,"href":"https:\/\/www.garten-winkler.it\/it\/wp-json\/wp\/v2\/comments?post=4515"}],"version-history":[{"count":0,"href":"https:\/\/www.garten-winkler.it\/it\/wp-json\/wp\/v2\/pages\/4515\/revisions"}],"wp:attachment":[{"href":"https:\/\/www.garten-winkler.it\/it\/wp-json\/wp\/v2\/media?parent=4515"}],"curies":[{"name":"wp","href":"https:\/\/api.w.org\/{rel}","templated":true}]}}