{"id":4521,"date":"2022-03-03T18:51:15","date_gmt":"2022-03-03T17:51:15","guid":{"rendered":"http:\/\/37431.web.zcom.it\/contatto\/"},"modified":"2023-01-17T16:38:33","modified_gmt":"2023-01-17T15:38:33","slug":"contatto","status":"publish","type":"page","link":"https:\/\/www.garten-winkler.it\/it\/contatto\/","title":{"rendered":"Contatto"},"content":{"rendered":"\n<style type=\"text\/css\" data-created_by=\"avia_inline_auto\" id=\"style-css-av-l0b56lml-654b0b7e67a2a81df80fc01a1241a6a0\">\n#top .av-special-heading.av-l0b56lml-654b0b7e67a2a81df80fc01a1241a6a0{\npadding-bottom:10px;\n}\nbody .av-special-heading.av-l0b56lml-654b0b7e67a2a81df80fc01a1241a6a0 .av-special-heading-tag .heading-char{\nfont-size:25px;\n}\n.av-special-heading.av-l0b56lml-654b0b7e67a2a81df80fc01a1241a6a0 .av-subheading{\nfont-size:15px;\n}\n<\/style>\n<div  class='av-special-heading av-l0b56lml-654b0b7e67a2a81df80fc01a1241a6a0 av-special-heading-h1  avia-builder-el-0  el_before_av_two_fifth  avia-builder-el-first '><h1 class='av-special-heading-tag'  itemprop=\"headline\"  >Contatto e richiesta rapida<\/h1><div class=\"special-heading-border\"><div class=\"special-heading-inner-border\"><\/div><\/div><\/div>\n<div class='flex_column av-fd4xg-f6fa63495427e506f85d599102df4c6c av_two_fifth  avia-builder-el-1  el_after_av_heading  el_before_av_three_fifth  first flex_column_div '     ><style type=\"text\/css\" data-created_by=\"avia_inline_auto\" id=\"style-css-av-l0b54248-61f55d97bae9fc0b197ade32c3a7b421\">\n#top .av_textblock_section.av-l0b54248-61f55d97bae9fc0b197ade32c3a7b421 .avia_textblock{\ncolor:#000000;\n}\n<\/style>\n<section  class='av_textblock_section av-l0b54248-61f55d97bae9fc0b197ade32c3a7b421'  itemscope=\"itemscope\" itemtype=\"https:\/\/schema.org\/CreativeWork\" ><div class='avia_textblock av_inherit_color'  itemprop=\"text\" ><div class=\"one_third\">\n<div>\n<p><span lang=\"DE\">Per capire meglio le vostre intenzioni vi chiedo di compilare il modulo nel modo pi\u00f9 accurato possibile. Vi contatter\u00f2 in seguito per maggiori informazioni o per fissare un incontro.<\/span><\/p>\n<\/div>\n<div>\n<p><span lang=\"DE\">Se avete una planimetria del vostro giardino, siete invitati a inviarla via e-mail (<\/span> <span lang=\"DE\"><a href=\"mailto:info@garten-winkler.it\">info@garten-winkler.it<\/a><\/span><span lang=\"DE\">). Avete anche delle foto dell\u2019oggetto? Inviatele tramite WhatsApp al numero +39 340 373 55 73<\/span><\/p>\n<\/div>\n<\/div>\n<\/div><\/section><\/div><div class='flex_column av-5k2w4s-2fec9bbf4cb51062237250fd1c6928c4 av_three_fifth  avia-builder-el-3  el_after_av_two_fifth  el_before_av_contact  flex_column_div '     ><form action=\"https:\/\/www.garten-winkler.it\/it\/contatto\/\" method=\"post\"  class=\"avia_ajax_form av-form-labels-hidden   avia-builder-el-4  el_after_av_three_fifth  el_before_av_heading   \" data-avia-form-id=\"2\" data-avia-redirect='' ><h3 class=''>Un progetto di successo inizia con un buon numero di informazioni di base. <\/h3><fieldset><p class='  first_form  form_element form_element_third' id='element_avia_1_2'><label for=\"avia_1_2\">Cognome <abbr class=\"required\" title=\"richiesto\">*<\/abbr><\/label> <input name=\"avia_1_2\" class=\"text_input is_empty\" type=\"text\" id=\"avia_1_2\" value=\"\"  placeholder='Cognome*'\/><\/p><p class='  form_element form_element_third' id='element_avia_2_2'><label for=\"avia_2_2\">Nome <abbr class=\"required\" title=\"richiesto\">*<\/abbr><\/label> <input name=\"avia_2_2\" class=\"text_input is_empty\" type=\"text\" id=\"avia_2_2\" value=\"\"  placeholder='Nome*'\/><\/p><p class='  form_element form_element_third' id='element_avia_3_2'><label for=\"avia_3_2\">Ditta<\/label> <input name=\"avia_3_2\" class=\"text_input \" type=\"text\" id=\"avia_3_2\" value=\"\"  placeholder='Ditta'\/><\/p><p class='  first_form  form_element form_element_third' id='element_avia_4_2'><label for=\"avia_4_2\">Via <abbr class=\"required\" title=\"richiesto\">*<\/abbr><\/label> <input name=\"avia_4_2\" class=\"text_input is_empty\" type=\"text\" id=\"avia_4_2\" value=\"\"  placeholder='Via*'\/><\/p><p class='  form_element form_element_third' id='element_avia_5_2'><label for=\"avia_5_2\">Citt\u00e0 <abbr class=\"required\" title=\"richiesto\">*<\/abbr><\/label> <input name=\"avia_5_2\" class=\"text_input is_empty\" type=\"text\" id=\"avia_5_2\" value=\"\"  placeholder='Citt\u00e0*'\/><\/p><p class='  form_element form_element_third' id='element_avia_6_2'><label for=\"avia_6_2\">Numero telefonico <abbr class=\"required\" title=\"richiesto\">*<\/abbr><\/label> <input name=\"avia_6_2\" class=\"text_input is_phone\" type=\"text\" id=\"avia_6_2\" value=\"\"  placeholder='Numero telefonico*'\/><\/p><p class='  first_form  form_element form_element_third' id='element_avia_7_2'><label for=\"avia_7_2\">Paese <abbr class=\"required\" title=\"richiesto\">*<\/abbr><\/label><select  name=\"avia_7_2\" class=\"select is_empty\" id=\"avia_7_2\"><option class=\"av-placeholder\" disabled=\"disabled\" selected=\"selected\" value=''>Paese*<\/option><option   value='Italia'>Italia<\/option><option   value='Austria'>Austria<\/option><option   value='Germania'>Germania<\/option><\/select><\/p><div id='avia_8_2' class='av-form-text'><\/p>\n<p><strong>Siamo interessati ai seguenti lavori:<\/strong><br \/>(Selezionare una o pi\u00f9 caselle o deselezionare quelle che non interessano):<\/p>\n<\/div><p class='  first_form  form_element form_element_fourth' id='element_avia_9_2'><input  name=\"avia_9_2\" class=\"input_checkbox \" type=\"checkbox\" id=\"avia_9_2\" value=\"true\"\/><label class=\"input_checkbox_label\" for=\"avia_9_2\">Pianificazione<\/label><\/p><p class='  form_element form_element_fourth' id='element_avia_10_2'><input  name=\"avia_10_2\" class=\"input_checkbox \" type=\"checkbox\" id=\"avia_10_2\" value=\"true\"\/><label class=\"input_checkbox_label\" for=\"avia_10_2\">Orto<\/label><\/p><p class='  form_element form_element_fourth' id='element_avia_11_2'><input  name=\"avia_11_2\" class=\"input_checkbox \" type=\"checkbox\" id=\"avia_11_2\" value=\"true\"\/><label class=\"input_checkbox_label\" for=\"avia_11_2\">Giochi d\u2019acqua<\/label><\/p><p class='  form_element form_element_fourth' id='element_avia_12_2'><input  name=\"avia_12_2\" class=\"input_checkbox \" type=\"checkbox\" id=\"avia_12_2\" value=\"true\"\/><label class=\"input_checkbox_label\" for=\"avia_12_2\">Stagni<\/label><\/p><p class='  first_form  form_element form_element_fourth' id='element_avia_13_2'><input  name=\"avia_13_2\" class=\"input_checkbox \" type=\"checkbox\" id=\"avia_13_2\" value=\"true\"\/><label class=\"input_checkbox_label\" for=\"avia_13_2\">Aiuole rialzate<\/label><\/p><p class='  form_element form_element_fourth' id='element_avia_14_2'><input  name=\"avia_14_2\" class=\"input_checkbox \" type=\"checkbox\" id=\"avia_14_2\" value=\"true\"\/><label class=\"input_checkbox_label\" for=\"avia_14_2\">Caminetti<\/label><\/p><p class='  form_element form_element_fourth' id='element_avia_15_2'><input  name=\"avia_15_2\" class=\"input_checkbox \" type=\"checkbox\" id=\"avia_15_2\" value=\"true\"\/><label class=\"input_checkbox_label\" for=\"avia_15_2\">Scivoli, altalene ...<\/label><\/p><p class='  form_element form_element_fourth' id='element_avia_16_2'><input  name=\"avia_16_2\" class=\"input_checkbox \" type=\"checkbox\" id=\"avia_16_2\" value=\"true\"\/><label class=\"input_checkbox_label\" for=\"avia_16_2\">Panchine<\/label><\/p><p class='  first_form  form_element form_element_fourth' id='element_avia_17_2'><input  name=\"avia_17_2\" class=\"input_checkbox \" type=\"checkbox\" id=\"avia_17_2\" value=\"true\"\/><label class=\"input_checkbox_label\" for=\"avia_17_2\">Schermature<\/label><\/p><p class='  form_element form_element_fourth' id='element_avia_18_2'><input  name=\"avia_18_2\" class=\"input_checkbox \" type=\"checkbox\" id=\"avia_18_2\" value=\"true\"\/><label class=\"input_checkbox_label\" for=\"avia_18_2\">Siepi<\/label><\/p><p class='  form_element form_element_fourth' id='element_avia_19_2'><input checked=\"checked\" name=\"avia_19_2\" class=\"input_checkbox \" type=\"checkbox\" id=\"avia_19_2\" value=\"true\"\/><label class=\"input_checkbox_label\" for=\"avia_19_2\">Prati<\/label><\/p><p class='  form_element form_element_fourth' id='element_avia_20_2'><input checked=\"checked\" name=\"avia_20_2\" class=\"input_checkbox \" type=\"checkbox\" id=\"avia_20_2\" value=\"true\"\/><label class=\"input_checkbox_label\" for=\"avia_20_2\">Aiuole<\/label><\/p><p class='  first_form  form_element form_element_fourth' id='element_avia_21_2'><input checked=\"checked\" name=\"avia_21_2\" class=\"input_checkbox \" type=\"checkbox\" id=\"avia_21_2\" value=\"true\"\/><label class=\"input_checkbox_label\" for=\"avia_21_2\">Muri a secco<\/label><\/p><p class='  form_element form_element_fourth' id='element_avia_22_2'><input checked=\"checked\" name=\"avia_22_2\" class=\"input_checkbox \" type=\"checkbox\" id=\"avia_22_2\" value=\"true\"\/><label class=\"input_checkbox_label\" for=\"avia_22_2\">Pavimentazioni<\/label><\/p><p class='  form_element form_element_fourth' id='element_avia_23_2'><input  name=\"avia_23_2\" class=\"input_checkbox \" type=\"checkbox\" id=\"avia_23_2\" value=\"true\"\/><label class=\"input_checkbox_label\" for=\"avia_23_2\">Fontane<\/label><\/p><p class='  form_element form_element_fourth' id='element_avia_24_2'><input checked=\"checked\" name=\"avia_24_2\" class=\"input_checkbox \" type=\"checkbox\" id=\"avia_24_2\" value=\"true\"\/><label class=\"input_checkbox_label\" for=\"avia_24_2\">Cura del giardino<\/label><\/p><p class='  first_form  form_element form_element_fourth' id='element_avia_25_2'><input  name=\"avia_25_2\" class=\"input_checkbox \" type=\"checkbox\" id=\"avia_25_2\" value=\"true\"\/><label class=\"input_checkbox_label\" for=\"avia_25_2\">Tetto verde<\/label><\/p><p class='  form_element form_element_three_fourth' id='element_avia_26_2'><input  name=\"avia_26_2\" class=\"input_checkbox \" type=\"checkbox\" id=\"avia_26_2\" value=\"true\"\/><label class=\"input_checkbox_label\" for=\"avia_26_2\">Stabilizzazione del pendio<\/label><\/p><p class='  first_form  form_element form_element_third' id='element_avia_27_2'><label for=\"avia_27_2\">Inizio desiderato<\/label> <input name=\"avia_27_2\" class=\"avia_datepicker text_input \" type=\"text\" id=\"avia_27_2\" value=\"\" placeholder=\"Inizio desiderato\" \/><\/p><p class='  form_element form_element_third' id='element_avia_28_2'><label for=\"avia_28_2\">Budget<\/label> <input name=\"avia_28_2\" class=\"text_input \" type=\"text\" id=\"avia_28_2\" value=\"\"  placeholder='Budget'\/><\/p><p class='  form_element form_element_third' id='element_avia_29_2'><label for=\"avia_29_2\">E-Mail <abbr class=\"required\" title=\"richiesto\">*<\/abbr><\/label> <input name=\"avia_29_2\" class=\"text_input is_email\" type=\"text\" id=\"avia_29_2\" value=\"\"  placeholder='E-Mail*'\/><\/p><p class='  first_form  form_element form_element_third' id='element_avia_30_2'><label for=\"avia_30_2\">Quando ci possiamo incontrare?<\/label> <input name=\"avia_30_2\" class=\"text_input \" type=\"text\" id=\"avia_30_2\" value=\"\"  placeholder='Quando ci possiamo incontrare?'\/><\/p><p class='  form_element form_element_two_third' id='element_avia_31_2'><label for=\"avia_31_2\">Dove ci possiamo incontrare?<\/label> <input name=\"avia_31_2\" class=\"text_input \" type=\"text\" id=\"avia_31_2\" value=\"\"  placeholder='Dove ci possiamo incontrare?'\/><\/p><p class='  first_form  form_element form_fullwidth' id='element_avia_32_2'><label for=\"avia_32_2\" class=\"textare_label hidden textare_label_avia_32_2\">Osservazioni<\/label><textarea  placeholder='Osservazioni' name=\"avia_32_2\" class=\"text_area \" cols=\"40\" rows=\"7\" id=\"avia_32_2\" ><\/textarea><\/p><p class=\"hidden\"><input type=\"text\" name=\"avia_33_2\" class=\"hidden \" id=\"avia_33_2\" value=\"\" \/><\/p><p class='   form_element form_fullwidth' id='element_avia_34_2'><span class='value_verifier_label'>0 + 4 = ?<\/span><input name=\"avia_34_2_verifier\" type=\"hidden\" id=\"avia_34_2_verifier\" value=\"487548764\"\/><label for=\"avia_34_2\">Dimostra di essere umano risolvendo l'equazione <abbr class=\"required\" title=\"richiesto\">*<\/abbr><\/label><input name=\"avia_34_2\" class=\"text_input captcha\" type=\"text\" id=\"avia_34_2\" value=\"\"\/><\/p><p class=\"form_element \"><input type=\"hidden\" value=\"1\" name=\"avia_generated_form2\" \/><input type=\"submit\" value=\"Invio\" class=\"button\"  data-sending-label=\"Invio\"\/><\/p><\/fieldset><\/form><div id=\"ajaxresponse_2\" class=\"ajaxresponse ajaxresponse_2 hidden\"><\/div><\/div><\/p>\n","protected":false},"excerpt":{"rendered":"","protected":false},"author":1,"featured_media":0,"parent":0,"menu_order":0,"comment_status":"open","ping_status":"open","template":"","meta":{"footnotes":""},"yoast_head":"<!-- This site is optimized with the Yoast SEO plugin v23.4 - https:\/\/yoast.com\/wordpress\/plugins\/seo\/ -->\n<title>Contatto - Garten Winkler, Au\u00dfengestaltung, Rasen, Pflanzarbeiten, Teichbau, Dachbegr\u00fcnung<\/title>\n<meta name=\"robots\" content=\"index, follow, max-snippet:-1, max-image-preview:large, max-video-preview:-1\" \/>\n<link rel=\"canonical\" href=\"https:\/\/www.garten-winkler.it\/it\/contatto\/\" \/>\n<meta property=\"og:locale\" content=\"it_IT\" \/>\n<meta property=\"og:type\" content=\"article\" \/>\n<meta property=\"og:title\" content=\"Contatto - Garten Winkler, Au\u00dfengestaltung, Rasen, Pflanzarbeiten, Teichbau, Dachbegr\u00fcnung\" \/>\n<meta property=\"og:url\" content=\"https:\/\/www.garten-winkler.it\/it\/contatto\/\" \/>\n<meta property=\"og:site_name\" content=\"Garten Winkler, Au\u00dfengestaltung, Rasen, Pflanzarbeiten, Teichbau, Dachbegr\u00fcnung\" \/>\n<meta property=\"article:modified_time\" content=\"2023-01-17T15:38:33+00:00\" \/>\n<meta name=\"twitter:card\" content=\"summary_large_image\" \/>\n<meta name=\"twitter:label1\" content=\"Tempo di lettura stimato\" \/>\n\t<meta name=\"twitter:data1\" content=\"10 minuti\" \/>\n<script type=\"application\/ld+json\" class=\"yoast-schema-graph\">{\"@context\":\"https:\/\/schema.org\",\"@graph\":[{\"@type\":\"WebPage\",\"@id\":\"https:\/\/www.garten-winkler.it\/it\/contatto\/\",\"url\":\"https:\/\/www.garten-winkler.it\/it\/contatto\/\",\"name\":\"Contatto - Garten Winkler, Au\u00dfengestaltung, Rasen, Pflanzarbeiten, Teichbau, Dachbegr\u00fcnung\",\"isPartOf\":{\"@id\":\"https:\/\/www.garten-winkler.it\/it\/#website\"},\"datePublished\":\"2022-03-03T17:51:15+00:00\",\"dateModified\":\"2023-01-17T15:38:33+00:00\",\"breadcrumb\":{\"@id\":\"https:\/\/www.garten-winkler.it\/it\/contatto\/#breadcrumb\"},\"inLanguage\":\"it-IT\",\"potentialAction\":[{\"@type\":\"ReadAction\",\"target\":[\"https:\/\/www.garten-winkler.it\/it\/contatto\/\"]}]},{\"@type\":\"BreadcrumbList\",\"@id\":\"https:\/\/www.garten-winkler.it\/it\/contatto\/#breadcrumb\",\"itemListElement\":[{\"@type\":\"ListItem\",\"position\":1,\"name\":\"Home\",\"item\":\"https:\/\/www.garten-winkler.it\/it\/home\/\"},{\"@type\":\"ListItem\",\"position\":2,\"name\":\"Contatto\"}]},{\"@type\":\"WebSite\",\"@id\":\"https:\/\/www.garten-winkler.it\/it\/#website\",\"url\":\"https:\/\/www.garten-winkler.it\/it\/\",\"name\":\"Garten Winkler, Au\u00dfengestaltung, Rasen, Pflanzarbeiten, Teichbau, Dachbegr\u00fcnung\",\"description\":\"Es gr\u00fcnt so gr\u00fcn, wenn Winklers G\u00e4rten bl\u00fchn\",\"potentialAction\":[{\"@type\":\"SearchAction\",\"target\":{\"@type\":\"EntryPoint\",\"urlTemplate\":\"https:\/\/www.garten-winkler.it\/it\/?s={search_term_string}\"},\"query-input\":{\"@type\":\"PropertyValueSpecification\",\"valueRequired\":true,\"valueName\":\"search_term_string\"}}],\"inLanguage\":\"it-IT\"}]}<\/script>\n<!-- \/ Yoast SEO plugin. -->","yoast_head_json":{"title":"Contatto - Garten Winkler, Au\u00dfengestaltung, Rasen, Pflanzarbeiten, Teichbau, Dachbegr\u00fcnung","robots":{"index":"index","follow":"follow","max-snippet":"max-snippet:-1","max-image-preview":"max-image-preview:large","max-video-preview":"max-video-preview:-1"},"canonical":"https:\/\/www.garten-winkler.it\/it\/contatto\/","og_locale":"it_IT","og_type":"article","og_title":"Contatto - Garten Winkler, Au\u00dfengestaltung, Rasen, Pflanzarbeiten, Teichbau, Dachbegr\u00fcnung","og_url":"https:\/\/www.garten-winkler.it\/it\/contatto\/","og_site_name":"Garten Winkler, Au\u00dfengestaltung, Rasen, Pflanzarbeiten, Teichbau, Dachbegr\u00fcnung","article_modified_time":"2023-01-17T15:38:33+00:00","twitter_card":"summary_large_image","twitter_misc":{"Tempo di lettura stimato":"10 minuti"},"schema":{"@context":"https:\/\/schema.org","@graph":[{"@type":"WebPage","@id":"https:\/\/www.garten-winkler.it\/it\/contatto\/","url":"https:\/\/www.garten-winkler.it\/it\/contatto\/","name":"Contatto - Garten Winkler, Au\u00dfengestaltung, Rasen, Pflanzarbeiten, Teichbau, Dachbegr\u00fcnung","isPartOf":{"@id":"https:\/\/www.garten-winkler.it\/it\/#website"},"datePublished":"2022-03-03T17:51:15+00:00","dateModified":"2023-01-17T15:38:33+00:00","breadcrumb":{"@id":"https:\/\/www.garten-winkler.it\/it\/contatto\/#breadcrumb"},"inLanguage":"it-IT","potentialAction":[{"@type":"ReadAction","target":["https:\/\/www.garten-winkler.it\/it\/contatto\/"]}]},{"@type":"BreadcrumbList","@id":"https:\/\/www.garten-winkler.it\/it\/contatto\/#breadcrumb","itemListElement":[{"@type":"ListItem","position":1,"name":"Home","item":"https:\/\/www.garten-winkler.it\/it\/home\/"},{"@type":"ListItem","position":2,"name":"Contatto"}]},{"@type":"WebSite","@id":"https:\/\/www.garten-winkler.it\/it\/#website","url":"https:\/\/www.garten-winkler.it\/it\/","name":"Garten Winkler, Au\u00dfengestaltung, Rasen, Pflanzarbeiten, Teichbau, Dachbegr\u00fcnung","description":"Es gr\u00fcnt so gr\u00fcn, wenn Winklers G\u00e4rten bl\u00fchn","potentialAction":[{"@type":"SearchAction","target":{"@type":"EntryPoint","urlTemplate":"https:\/\/www.garten-winkler.it\/it\/?s={search_term_string}"},"query-input":{"@type":"PropertyValueSpecification","valueRequired":true,"valueName":"search_term_string"}}],"inLanguage":"it-IT"}]}},"_links":{"self":[{"href":"https:\/\/www.garten-winkler.it\/it\/wp-json\/wp\/v2\/pages\/4521"}],"collection":[{"href":"https:\/\/www.garten-winkler.it\/it\/wp-json\/wp\/v2\/pages"}],"about":[{"href":"https:\/\/www.garten-winkler.it\/it\/wp-json\/wp\/v2\/types\/page"}],"author":[{"embeddable":true,"href":"https:\/\/www.garten-winkler.it\/it\/wp-json\/wp\/v2\/users\/1"}],"replies":[{"embeddable":true,"href":"https:\/\/www.garten-winkler.it\/it\/wp-json\/wp\/v2\/comments?post=4521"}],"version-history":[{"count":0,"href":"https:\/\/www.garten-winkler.it\/it\/wp-json\/wp\/v2\/pages\/4521\/revisions"}],"wp:attachment":[{"href":"https:\/\/www.garten-winkler.it\/it\/wp-json\/wp\/v2\/media?parent=4521"}],"curies":[{"name":"wp","href":"https:\/\/api.w.org\/{rel}","templated":true}]}}