{"id":6614,"date":"2024-04-08T16:34:32","date_gmt":"2024-04-08T14:34:32","guid":{"rendered":"https:\/\/www.garten-winkler.it\/servizi\/cura-degli-alberi\/"},"modified":"2024-04-08T16:34:34","modified_gmt":"2024-04-08T14:34:34","slug":"cura-degli-alberi","status":"publish","type":"page","link":"https:\/\/www.garten-winkler.it\/it\/servizi\/cura-degli-alberi\/","title":{"rendered":"Cura degli alberi"},"content":{"rendered":"<div id='av_section_1'  class='avia-section av-bd5nbs-33c57abb2467640a1a9f4859f5de5e6e main_color avia-section-default avia-no-shadow  avia-builder-el-0  avia-builder-el-no-sibling  avia-bg-style-scroll container_wrap sidebar_right'  ><div class='container av-section-cont-open' ><main  role=\"main\" itemprop=\"mainContentOfPage\"  class='template-page content  av-content-small alpha units'><div class='post-entry post-entry-type-page post-entry-6614'><div class='entry-content-wrapper clearfix'>\n\n<style type=\"text\/css\" data-created_by=\"avia_inline_auto\" id=\"style-css-av-91n6aw-3c0a228cf8b8b0a603e11c11e19ff178\">\n.flex_column.av-91n6aw-3c0a228cf8b8b0a603e11c11e19ff178{\n-webkit-border-radius:0px 0px 0px 0px;\n-moz-border-radius:0px 0px 0px 0px;\nborder-radius:0px 0px 0px 0px;\npadding:0px 0px 0px 0px;\n}\n<\/style>\n<div class='flex_column av-91n6aw-3c0a228cf8b8b0a603e11c11e19ff178 av_one_full  avia-builder-el-1  el_before_av_one_third  avia-builder-el-first  first flex_column_div av-zero-column-padding '     ><style type=\"text\/css\" data-created_by=\"avia_inline_auto\" id=\"style-css-av-lsea248j-c0b955273b5b326756bda624cdaaa34a\">\n#top .av-special-heading.av-lsea248j-c0b955273b5b326756bda624cdaaa34a{\npadding-bottom:10px;\ncolor:#000000;\nfont-size:40px;\n}\nbody .av-special-heading.av-lsea248j-c0b955273b5b326756bda624cdaaa34a .av-special-heading-tag .heading-char{\nfont-size:25px;\n}\n#top #wrap_all .av-special-heading.av-lsea248j-c0b955273b5b326756bda624cdaaa34a .av-special-heading-tag{\nfont-size:40px;\n}\n.av-special-heading.av-lsea248j-c0b955273b5b326756bda624cdaaa34a .special-heading-inner-border{\nborder-color:#000000;\n}\n.av-special-heading.av-lsea248j-c0b955273b5b326756bda624cdaaa34a .av-subheading{\nfont-size:12px;\n}\n\n@media only screen and (min-width: 480px) and (max-width: 767px){ \n#top #wrap_all .av-special-heading.av-lsea248j-c0b955273b5b326756bda624cdaaa34a .av-special-heading-tag{\nfont-size:0.8em;\n}\n}\n\n@media only screen and (max-width: 479px){ \n#top #wrap_all .av-special-heading.av-lsea248j-c0b955273b5b326756bda624cdaaa34a .av-special-heading-tag{\nfont-size:0.8em;\n}\n}\n<\/style>\n<div  class='av-special-heading av-lsea248j-c0b955273b5b326756bda624cdaaa34a av-special-heading-h1 custom-color-heading blockquote modern-quote  avia-builder-el-2  avia-builder-el-no-sibling  av-inherit-size'><h1 class='av-special-heading-tag'  itemprop=\"headline\"  >Cura degli alberi<\/h1><div class=\"special-heading-border\"><div class=\"special-heading-inner-border\"><\/div><\/div><\/div><\/div>\n<style type=\"text\/css\" data-created_by=\"avia_inline_auto\" id=\"style-css-av-87zkns-4700db535862f4df34913fb361916d95\">\n.flex_column.av-87zkns-4700db535862f4df34913fb361916d95{\n-webkit-border-radius:0px 0px 0px 0px;\n-moz-border-radius:0px 0px 0px 0px;\nborder-radius:0px 0px 0px 0px;\npadding:0px 0px 0px 0px;\n}\n<\/style>\n<div class='flex_column av-87zkns-4700db535862f4df34913fb361916d95 av_one_third  avia-builder-el-3  el_after_av_one_full  el_before_av_one_third  first flex_column_div av-zero-column-padding column-top-margin'     ><section  class='av_textblock_section av-679wjs-ba115a64423122b4cf5a26fd5899298b'  itemscope=\"itemscope\" itemtype=\"https:\/\/schema.org\/CreativeWork\" ><div class='avia_textblock'  itemprop=\"text\" ><p style=\"font-weight: 400;\">Siamo i vostri esperti per una cura professionale degli alberi che ne promuova la bellezza e la salute. Grazie alla nostra pluriennale esperienza e competenza, offriamo una gamma completa di servizi di cura degli alberi, dalla potatura regolare alla cura delle chiome, dal controllo delle malattie all&#8217;abbattimento degli alberi.<\/p>\n<\/div><\/section><\/div>\n<style type=\"text\/css\" data-created_by=\"avia_inline_auto\" id=\"style-css-av-3j76ns-56b9552dd0e979c435b2f0b1ff19a6c5\">\n.flex_column.av-3j76ns-56b9552dd0e979c435b2f0b1ff19a6c5{\n-webkit-border-radius:0px 0px 0px 0px;\n-moz-border-radius:0px 0px 0px 0px;\nborder-radius:0px 0px 0px 0px;\npadding:0px 0px 0px 0px;\n}\n<\/style>\n<div class='flex_column av-3j76ns-56b9552dd0e979c435b2f0b1ff19a6c5 av_one_third  avia-builder-el-5  el_after_av_one_third  el_before_av_masonry_gallery  avia-builder-el-last  flex_column_div av-zero-column-padding column-top-margin'     ><section  class='av_textblock_section av-2f8kjc-16295af2837d5b6bac30edf2f42bc14a'  itemscope=\"itemscope\" itemtype=\"https:\/\/schema.org\/CreativeWork\" ><div class='avia_textblock'  itemprop=\"text\" ><p>Il nostro team di arboristi lavora con precisione e attenzione per garantire che i vostri alberi crescano e prosperino in modo ottimale. Utilizziamo tecniche e strumenti moderni per garantire che i lavori di manutenzione siano eseguiti in modo efficiente e nel rispetto dell&#8217;ambiente. Affidatevi alla nostra esperienza e lasciateci lavorare insieme per mantenere la bellezza e la salute dei vostri alberi.<\/p>\n<\/div><\/section><\/div><div id='av-masonry-1' class='av-masonry av-lsea1mpn-c648431b13b9a6f0631e9bfe8e7e1b93 noHover av-fixed-size av-large-gap av-hover-overlay-active av-masonry-animation-active av-masonry-col-3 av-caption-always av-caption-style- av-masonry-gallery ' data-post_id=\"6614\"><div class=\"av-masonry-container isotope av-js-disabled\"><div class='av-masonry-entry isotope-item av-masonry-item-no-image '><\/div><a href=\"https:\/\/www.garten-winkler.it\/wp-content\/uploads\/2024\/02\/Baumpflege_350-687x1030.jpg\" data-srcset=\"https:\/\/www.garten-winkler.it\/wp-content\/uploads\/2024\/02\/Baumpflege_350-687x1030.jpg 687w, https:\/\/www.garten-winkler.it\/wp-content\/uploads\/2024\/02\/Baumpflege_350-200x300.jpg 200w, https:\/\/www.garten-winkler.it\/wp-content\/uploads\/2024\/02\/Baumpflege_350-768x1152.jpg 768w, https:\/\/www.garten-winkler.it\/wp-content\/uploads\/2024\/02\/Baumpflege_350-470x705.jpg 470w, https:\/\/www.garten-winkler.it\/wp-content\/uploads\/2024\/02\/Baumpflege_350.jpg 800w\" data-sizes=\"(max-width: 687px) 100vw, 687px\"  aria-label=\"immagine Baumpflege_350\"  id='av-masonry-1-item-6470' data-av-masonry-item='6470' class='av-masonry-entry isotope-item post-6470 attachment type-attachment status-inherit hentry  av-masonry-item-with-image av-grid-img' title=\"Baumpflege_350\" alt=\"\"    itemprop=\"thumbnailUrl\" ><div class='av-inner-masonry-sizer'><\/div><figure class='av-inner-masonry main_color'><div class=\"av-masonry-outerimage-container\"><div class='av-masonry-image-container' style=\"background-image: url(https:\/\/www.garten-winkler.it\/wp-content\/uploads\/2024\/02\/Baumpflege_350-470x705.jpg);\"  title=\"Baumpflege_350\"  ><\/div><\/div><figcaption class='av-inner-masonry-content site-background'><div class='av-inner-masonry-content-pos'><div class='av-inner-masonry-content-pos-content'><div class='avia-arrow'><\/div><div class='av-masonry-entry-content entry-content'  itemprop=\"text\" >Nr. 350<\/div><\/div><\/div><\/figcaption><\/figure><\/a><!--end av-masonry entry--><a href=\"https:\/\/www.garten-winkler.it\/wp-content\/uploads\/2024\/02\/Baumpflege_351-773x1030.jpg\" data-srcset=\"https:\/\/www.garten-winkler.it\/wp-content\/uploads\/2024\/02\/Baumpflege_351-773x1030.jpg 773w, https:\/\/www.garten-winkler.it\/wp-content\/uploads\/2024\/02\/Baumpflege_351-225x300.jpg 225w, https:\/\/www.garten-winkler.it\/wp-content\/uploads\/2024\/02\/Baumpflege_351-768x1024.jpg 768w, https:\/\/www.garten-winkler.it\/wp-content\/uploads\/2024\/02\/Baumpflege_351-1152x1536.jpg 1152w, https:\/\/www.garten-winkler.it\/wp-content\/uploads\/2024\/02\/Baumpflege_351-1125x1500.jpg 1125w, https:\/\/www.garten-winkler.it\/wp-content\/uploads\/2024\/02\/Baumpflege_351-529x705.jpg 529w, https:\/\/www.garten-winkler.it\/wp-content\/uploads\/2024\/02\/Baumpflege_351.jpg 1200w\" data-sizes=\"(max-width: 773px) 100vw, 773px\"  aria-label=\"immagine Baumpflege_351\"  id='av-masonry-1-item-6468' data-av-masonry-item='6468' class='av-masonry-entry isotope-item post-6468 attachment type-attachment status-inherit hentry  av-masonry-item-with-image av-grid-img' title=\"Baumpflege_351\" alt=\"\"    itemprop=\"thumbnailUrl\" ><div class='av-inner-masonry-sizer'><\/div><figure class='av-inner-masonry main_color'><div class=\"av-masonry-outerimage-container\"><div class='av-masonry-image-container' style=\"background-image: url(https:\/\/www.garten-winkler.it\/wp-content\/uploads\/2024\/02\/Baumpflege_351-529x705.jpg);\"  title=\"Baumpflege_351\"  ><\/div><\/div><figcaption class='av-inner-masonry-content site-background'><div class='av-inner-masonry-content-pos'><div class='av-inner-masonry-content-pos-content'><div class='avia-arrow'><\/div><div class='av-masonry-entry-content entry-content'  itemprop=\"text\" >Nr. 351<\/div><\/div><\/div><\/figcaption><\/figure><\/a><!--end av-masonry entry--><a href=\"https:\/\/www.garten-winkler.it\/wp-content\/uploads\/2024\/02\/Baumpflege_352-773x1030.jpg\" data-srcset=\"https:\/\/www.garten-winkler.it\/wp-content\/uploads\/2024\/02\/Baumpflege_352-773x1030.jpg 773w, https:\/\/www.garten-winkler.it\/wp-content\/uploads\/2024\/02\/Baumpflege_352-225x300.jpg 225w, https:\/\/www.garten-winkler.it\/wp-content\/uploads\/2024\/02\/Baumpflege_352-768x1024.jpg 768w, https:\/\/www.garten-winkler.it\/wp-content\/uploads\/2024\/02\/Baumpflege_352-1152x1536.jpg 1152w, https:\/\/www.garten-winkler.it\/wp-content\/uploads\/2024\/02\/Baumpflege_352-1125x1500.jpg 1125w, https:\/\/www.garten-winkler.it\/wp-content\/uploads\/2024\/02\/Baumpflege_352-529x705.jpg 529w, https:\/\/www.garten-winkler.it\/wp-content\/uploads\/2024\/02\/Baumpflege_352.jpg 1200w\" data-sizes=\"(max-width: 773px) 100vw, 773px\"  aria-label=\"immagine Baumpflege_352\"  id='av-masonry-1-item-6472' data-av-masonry-item='6472' class='av-masonry-entry isotope-item post-6472 attachment type-attachment status-inherit hentry  av-masonry-item-with-image av-grid-img' title=\"Baumpflege_352\" alt=\"\"    itemprop=\"thumbnailUrl\" ><div class='av-inner-masonry-sizer'><\/div><figure class='av-inner-masonry main_color'><div class=\"av-masonry-outerimage-container\"><div class='av-masonry-image-container' style=\"background-image: url(https:\/\/www.garten-winkler.it\/wp-content\/uploads\/2024\/02\/Baumpflege_352-529x705.jpg);\"  title=\"Baumpflege_352\"  ><\/div><\/div><figcaption class='av-inner-masonry-content site-background'><div class='av-inner-masonry-content-pos'><div class='av-inner-masonry-content-pos-content'><div class='avia-arrow'><\/div><div class='av-masonry-entry-content entry-content'  itemprop=\"text\" >Nr. 352<\/div><\/div><\/div><\/figcaption><\/figure><\/a><!--end av-masonry entry--><a href=\"https:\/\/www.garten-winkler.it\/wp-content\/uploads\/2024\/02\/Baumpflege_353-687x1030.jpg\" data-srcset=\"https:\/\/www.garten-winkler.it\/wp-content\/uploads\/2024\/02\/Baumpflege_353-687x1030.jpg 687w, https:\/\/www.garten-winkler.it\/wp-content\/uploads\/2024\/02\/Baumpflege_353-200x300.jpg 200w, https:\/\/www.garten-winkler.it\/wp-content\/uploads\/2024\/02\/Baumpflege_353-768x1152.jpg 768w, https:\/\/www.garten-winkler.it\/wp-content\/uploads\/2024\/02\/Baumpflege_353-1024x1536.jpg 1024w, https:\/\/www.garten-winkler.it\/wp-content\/uploads\/2024\/02\/Baumpflege_353-1000x1500.jpg 1000w, https:\/\/www.garten-winkler.it\/wp-content\/uploads\/2024\/02\/Baumpflege_353-470x705.jpg 470w, https:\/\/www.garten-winkler.it\/wp-content\/uploads\/2024\/02\/Baumpflege_353.jpg 1200w\" data-sizes=\"(max-width: 687px) 100vw, 687px\"  aria-label=\"immagine Baumpflege_353\"  id='av-masonry-1-item-6460' data-av-masonry-item='6460' class='av-masonry-entry isotope-item post-6460 attachment type-attachment status-inherit hentry  av-masonry-item-with-image av-grid-img' title=\"Baumpflege_353\" alt=\"\"    itemprop=\"thumbnailUrl\" ><div class='av-inner-masonry-sizer'><\/div><figure class='av-inner-masonry main_color'><div class=\"av-masonry-outerimage-container\"><div class='av-masonry-image-container' style=\"background-image: url(https:\/\/www.garten-winkler.it\/wp-content\/uploads\/2024\/02\/Baumpflege_353-470x705.jpg);\"  title=\"Baumpflege_353\"  ><\/div><\/div><figcaption class='av-inner-masonry-content site-background'><div class='av-inner-masonry-content-pos'><div class='av-inner-masonry-content-pos-content'><div class='avia-arrow'><\/div><div class='av-masonry-entry-content entry-content'  itemprop=\"text\" >Nr. 353<\/div><\/div><\/div><\/figcaption><\/figure><\/a><!--end av-masonry entry--><a href=\"https:\/\/www.garten-winkler.it\/wp-content\/uploads\/2024\/02\/Baumpflege_354-1030x687.jpg\" data-srcset=\"https:\/\/www.garten-winkler.it\/wp-content\/uploads\/2024\/02\/Baumpflege_354-1030x687.jpg 1030w, https:\/\/www.garten-winkler.it\/wp-content\/uploads\/2024\/02\/Baumpflege_354-300x200.jpg 300w, https:\/\/www.garten-winkler.it\/wp-content\/uploads\/2024\/02\/Baumpflege_354-768x512.jpg 768w, https:\/\/www.garten-winkler.it\/wp-content\/uploads\/2024\/02\/Baumpflege_354-705x470.jpg 705w, https:\/\/www.garten-winkler.it\/wp-content\/uploads\/2024\/02\/Baumpflege_354.jpg 1200w\" data-sizes=\"(max-width: 1030px) 100vw, 1030px\"  aria-label=\"immagine Baumpflege_354\"  id='av-masonry-1-item-6466' data-av-masonry-item='6466' class='av-masonry-entry isotope-item post-6466 attachment type-attachment status-inherit hentry  av-masonry-item-with-image av-grid-img' title=\"Baumpflege_354\" alt=\"\"    itemprop=\"thumbnailUrl\" ><div class='av-inner-masonry-sizer'><\/div><figure class='av-inner-masonry main_color'><div class=\"av-masonry-outerimage-container\"><div class='av-masonry-image-container' style=\"background-image: url(https:\/\/www.garten-winkler.it\/wp-content\/uploads\/2024\/02\/Baumpflege_354-705x470.jpg);\"  title=\"Baumpflege_354\"  ><\/div><\/div><figcaption class='av-inner-masonry-content site-background'><div class='av-inner-masonry-content-pos'><div class='av-inner-masonry-content-pos-content'><div class='avia-arrow'><\/div><div class='av-masonry-entry-content entry-content'  itemprop=\"text\" >Nr. 354<\/div><\/div><\/div><\/figcaption><\/figure><\/a><!--end av-masonry entry--><a href=\"https:\/\/www.garten-winkler.it\/wp-content\/uploads\/2024\/02\/Baumpflege_355-1030x687.jpg\" data-srcset=\"https:\/\/www.garten-winkler.it\/wp-content\/uploads\/2024\/02\/Baumpflege_355-1030x687.jpg 1030w, https:\/\/www.garten-winkler.it\/wp-content\/uploads\/2024\/02\/Baumpflege_355-300x200.jpg 300w, https:\/\/www.garten-winkler.it\/wp-content\/uploads\/2024\/02\/Baumpflege_355-768x512.jpg 768w, https:\/\/www.garten-winkler.it\/wp-content\/uploads\/2024\/02\/Baumpflege_355-705x470.jpg 705w, https:\/\/www.garten-winkler.it\/wp-content\/uploads\/2024\/02\/Baumpflege_355.jpg 1200w\" data-sizes=\"(max-width: 1030px) 100vw, 1030px\"  aria-label=\"immagine Baumpflege_355\"  id='av-masonry-1-item-6464' data-av-masonry-item='6464' class='av-masonry-entry isotope-item post-6464 attachment type-attachment status-inherit hentry  av-masonry-item-with-image av-grid-img' title=\"Baumpflege_355\" alt=\"\"    itemprop=\"thumbnailUrl\" ><div class='av-inner-masonry-sizer'><\/div><figure class='av-inner-masonry main_color'><div class=\"av-masonry-outerimage-container\"><div class='av-masonry-image-container' style=\"background-image: url(https:\/\/www.garten-winkler.it\/wp-content\/uploads\/2024\/02\/Baumpflege_355-705x470.jpg);\"  title=\"Baumpflege_355\"  ><\/div><\/div><figcaption class='av-inner-masonry-content site-background'><div class='av-inner-masonry-content-pos'><div class='av-inner-masonry-content-pos-content'><div class='avia-arrow'><\/div><div class='av-masonry-entry-content entry-content'  itemprop=\"text\" >Nr. 355<\/div><\/div><\/div><\/figcaption><\/figure><\/a><!--end av-masonry entry--><a href=\"https:\/\/www.garten-winkler.it\/wp-content\/uploads\/2024\/02\/Baumpflege_356-1030x773.jpg\" data-srcset=\"https:\/\/www.garten-winkler.it\/wp-content\/uploads\/2024\/02\/Baumpflege_356-1030x773.jpg 1030w, https:\/\/www.garten-winkler.it\/wp-content\/uploads\/2024\/02\/Baumpflege_356-300x225.jpg 300w, https:\/\/www.garten-winkler.it\/wp-content\/uploads\/2024\/02\/Baumpflege_356-768x576.jpg 768w, https:\/\/www.garten-winkler.it\/wp-content\/uploads\/2024\/02\/Baumpflege_356-705x529.jpg 705w, https:\/\/www.garten-winkler.it\/wp-content\/uploads\/2024\/02\/Baumpflege_356.jpg 1200w\" data-sizes=\"(max-width: 1030px) 100vw, 1030px\"  aria-label=\"immagine Baumpflege_356\"  id='av-masonry-1-item-6458' data-av-masonry-item='6458' class='av-masonry-entry isotope-item post-6458 attachment type-attachment status-inherit hentry  av-masonry-item-with-image av-grid-img' title=\"Baumpflege_356\" alt=\"\"    itemprop=\"thumbnailUrl\" ><div class='av-inner-masonry-sizer'><\/div><figure class='av-inner-masonry main_color'><div class=\"av-masonry-outerimage-container\"><div class='av-masonry-image-container' style=\"background-image: url(https:\/\/www.garten-winkler.it\/wp-content\/uploads\/2024\/02\/Baumpflege_356-705x529.jpg);\"  title=\"Baumpflege_356\"  ><\/div><\/div><figcaption class='av-inner-masonry-content site-background'><div class='av-inner-masonry-content-pos'><div class='av-inner-masonry-content-pos-content'><div class='avia-arrow'><\/div><div class='av-masonry-entry-content entry-content'  itemprop=\"text\" >Nr. 356<\/div><\/div><\/div><\/figcaption><\/figure><\/a><!--end av-masonry entry--><a href=\"https:\/\/www.garten-winkler.it\/wp-content\/uploads\/2024\/02\/Baumpflege_357-773x1030.jpg\" data-srcset=\"https:\/\/www.garten-winkler.it\/wp-content\/uploads\/2024\/02\/Baumpflege_357-773x1030.jpg 773w, https:\/\/www.garten-winkler.it\/wp-content\/uploads\/2024\/02\/Baumpflege_357-225x300.jpg 225w, https:\/\/www.garten-winkler.it\/wp-content\/uploads\/2024\/02\/Baumpflege_357-768x1024.jpg 768w, https:\/\/www.garten-winkler.it\/wp-content\/uploads\/2024\/02\/Baumpflege_357-529x705.jpg 529w, https:\/\/www.garten-winkler.it\/wp-content\/uploads\/2024\/02\/Baumpflege_357.jpg 900w\" data-sizes=\"(max-width: 773px) 100vw, 773px\"  aria-label=\"immagine Baumpflege_357\"  id='av-masonry-1-item-6462' data-av-masonry-item='6462' class='av-masonry-entry isotope-item post-6462 attachment type-attachment status-inherit hentry  av-masonry-item-with-image av-grid-img' title=\"Baumpflege_357\" alt=\"\"    itemprop=\"thumbnailUrl\" ><div class='av-inner-masonry-sizer'><\/div><figure class='av-inner-masonry main_color'><div class=\"av-masonry-outerimage-container\"><div class='av-masonry-image-container' style=\"background-image: url(https:\/\/www.garten-winkler.it\/wp-content\/uploads\/2024\/02\/Baumpflege_357-529x705.jpg);\"  title=\"Baumpflege_357\"  ><\/div><\/div><figcaption class='av-inner-masonry-content site-background'><div class='av-inner-masonry-content-pos'><div class='av-inner-masonry-content-pos-content'><div class='avia-arrow'><\/div><div class='av-masonry-entry-content entry-content'  itemprop=\"text\" >Nr. 357<\/div><\/div><\/div><\/figcaption><\/figure><\/a><!--end av-masonry entry--><\/div><\/div>\n<\/div><\/div><\/main><!-- close content main element --><\/div><\/div><div id='after_section_1'  class='main_color av_default_container_wrap container_wrap sidebar_right'  ><div class='container av-section-cont-open' ><div class='template-page content  av-content-small alpha units'><div class='post-entry post-entry-type-page post-entry-6614'><div class='entry-content-wrapper clearfix'>\n","protected":false},"excerpt":{"rendered":"","protected":false},"author":1,"featured_media":0,"parent":4513,"menu_order":0,"comment_status":"closed","ping_status":"closed","template":"","meta":{"footnotes":""},"yoast_head":"<!-- This site is optimized with the Yoast SEO plugin v23.4 - https:\/\/yoast.com\/wordpress\/plugins\/seo\/ -->\n<title>Cura degli alberi - Garten Winkler, Au\u00dfengestaltung, Rasen, Pflanzarbeiten, Teichbau, Dachbegr\u00fcnung<\/title>\n<meta name=\"robots\" content=\"index, follow, max-snippet:-1, max-image-preview:large, max-video-preview:-1\" \/>\n<link rel=\"canonical\" href=\"https:\/\/www.garten-winkler.it\/it\/servizi\/cura-degli-alberi\/\" \/>\n<meta property=\"og:locale\" content=\"it_IT\" \/>\n<meta property=\"og:type\" content=\"article\" \/>\n<meta property=\"og:title\" content=\"Cura degli alberi - Garten Winkler, Au\u00dfengestaltung, Rasen, Pflanzarbeiten, Teichbau, Dachbegr\u00fcnung\" \/>\n<meta property=\"og:url\" content=\"https:\/\/www.garten-winkler.it\/it\/servizi\/cura-degli-alberi\/\" \/>\n<meta property=\"og:site_name\" content=\"Garten Winkler, Au\u00dfengestaltung, Rasen, Pflanzarbeiten, Teichbau, Dachbegr\u00fcnung\" \/>\n<meta property=\"article:modified_time\" content=\"2024-04-08T14:34:34+00:00\" \/>\n<meta name=\"twitter:card\" content=\"summary_large_image\" \/>\n<meta name=\"twitter:label1\" content=\"Tempo di lettura stimato\" \/>\n\t<meta name=\"twitter:data1\" content=\"4 minuti\" \/>\n<script type=\"application\/ld+json\" class=\"yoast-schema-graph\">{\"@context\":\"https:\/\/schema.org\",\"@graph\":[{\"@type\":\"WebPage\",\"@id\":\"https:\/\/www.garten-winkler.it\/it\/servizi\/cura-degli-alberi\/\",\"url\":\"https:\/\/www.garten-winkler.it\/it\/servizi\/cura-degli-alberi\/\",\"name\":\"Cura degli alberi - Garten Winkler, Au\u00dfengestaltung, Rasen, Pflanzarbeiten, Teichbau, Dachbegr\u00fcnung\",\"isPartOf\":{\"@id\":\"https:\/\/www.garten-winkler.it\/it\/#website\"},\"datePublished\":\"2024-04-08T14:34:32+00:00\",\"dateModified\":\"2024-04-08T14:34:34+00:00\",\"breadcrumb\":{\"@id\":\"https:\/\/www.garten-winkler.it\/it\/servizi\/cura-degli-alberi\/#breadcrumb\"},\"inLanguage\":\"it-IT\",\"potentialAction\":[{\"@type\":\"ReadAction\",\"target\":[\"https:\/\/www.garten-winkler.it\/it\/servizi\/cura-degli-alberi\/\"]}]},{\"@type\":\"BreadcrumbList\",\"@id\":\"https:\/\/www.garten-winkler.it\/it\/servizi\/cura-degli-alberi\/#breadcrumb\",\"itemListElement\":[{\"@type\":\"ListItem\",\"position\":1,\"name\":\"Home\",\"item\":\"https:\/\/www.garten-winkler.it\/it\/home\/\"},{\"@type\":\"ListItem\",\"position\":2,\"name\":\"Servizi\",\"item\":\"https:\/\/www.garten-winkler.it\/it\/servizi\/\"},{\"@type\":\"ListItem\",\"position\":3,\"name\":\"Cura degli alberi\"}]},{\"@type\":\"WebSite\",\"@id\":\"https:\/\/www.garten-winkler.it\/it\/#website\",\"url\":\"https:\/\/www.garten-winkler.it\/it\/\",\"name\":\"Garten Winkler, Au\u00dfengestaltung, Rasen, Pflanzarbeiten, Teichbau, Dachbegr\u00fcnung\",\"description\":\"Es gr\u00fcnt so gr\u00fcn, wenn Winklers G\u00e4rten bl\u00fchn\",\"potentialAction\":[{\"@type\":\"SearchAction\",\"target\":{\"@type\":\"EntryPoint\",\"urlTemplate\":\"https:\/\/www.garten-winkler.it\/it\/?s={search_term_string}\"},\"query-input\":{\"@type\":\"PropertyValueSpecification\",\"valueRequired\":true,\"valueName\":\"search_term_string\"}}],\"inLanguage\":\"it-IT\"}]}<\/script>\n<!-- \/ Yoast SEO plugin. -->","yoast_head_json":{"title":"Cura degli alberi - Garten Winkler, Au\u00dfengestaltung, Rasen, Pflanzarbeiten, Teichbau, Dachbegr\u00fcnung","robots":{"index":"index","follow":"follow","max-snippet":"max-snippet:-1","max-image-preview":"max-image-preview:large","max-video-preview":"max-video-preview:-1"},"canonical":"https:\/\/www.garten-winkler.it\/it\/servizi\/cura-degli-alberi\/","og_locale":"it_IT","og_type":"article","og_title":"Cura degli alberi - Garten Winkler, Au\u00dfengestaltung, Rasen, Pflanzarbeiten, Teichbau, Dachbegr\u00fcnung","og_url":"https:\/\/www.garten-winkler.it\/it\/servizi\/cura-degli-alberi\/","og_site_name":"Garten Winkler, Au\u00dfengestaltung, Rasen, Pflanzarbeiten, Teichbau, Dachbegr\u00fcnung","article_modified_time":"2024-04-08T14:34:34+00:00","twitter_card":"summary_large_image","twitter_misc":{"Tempo di lettura stimato":"4 minuti"},"schema":{"@context":"https:\/\/schema.org","@graph":[{"@type":"WebPage","@id":"https:\/\/www.garten-winkler.it\/it\/servizi\/cura-degli-alberi\/","url":"https:\/\/www.garten-winkler.it\/it\/servizi\/cura-degli-alberi\/","name":"Cura degli alberi - Garten Winkler, Au\u00dfengestaltung, Rasen, Pflanzarbeiten, Teichbau, Dachbegr\u00fcnung","isPartOf":{"@id":"https:\/\/www.garten-winkler.it\/it\/#website"},"datePublished":"2024-04-08T14:34:32+00:00","dateModified":"2024-04-08T14:34:34+00:00","breadcrumb":{"@id":"https:\/\/www.garten-winkler.it\/it\/servizi\/cura-degli-alberi\/#breadcrumb"},"inLanguage":"it-IT","potentialAction":[{"@type":"ReadAction","target":["https:\/\/www.garten-winkler.it\/it\/servizi\/cura-degli-alberi\/"]}]},{"@type":"BreadcrumbList","@id":"https:\/\/www.garten-winkler.it\/it\/servizi\/cura-degli-alberi\/#breadcrumb","itemListElement":[{"@type":"ListItem","position":1,"name":"Home","item":"https:\/\/www.garten-winkler.it\/it\/home\/"},{"@type":"ListItem","position":2,"name":"Servizi","item":"https:\/\/www.garten-winkler.it\/it\/servizi\/"},{"@type":"ListItem","position":3,"name":"Cura degli alberi"}]},{"@type":"WebSite","@id":"https:\/\/www.garten-winkler.it\/it\/#website","url":"https:\/\/www.garten-winkler.it\/it\/","name":"Garten Winkler, Au\u00dfengestaltung, Rasen, Pflanzarbeiten, Teichbau, Dachbegr\u00fcnung","description":"Es gr\u00fcnt so gr\u00fcn, wenn Winklers G\u00e4rten bl\u00fchn","potentialAction":[{"@type":"SearchAction","target":{"@type":"EntryPoint","urlTemplate":"https:\/\/www.garten-winkler.it\/it\/?s={search_term_string}"},"query-input":{"@type":"PropertyValueSpecification","valueRequired":true,"valueName":"search_term_string"}}],"inLanguage":"it-IT"}]}},"_links":{"self":[{"href":"https:\/\/www.garten-winkler.it\/it\/wp-json\/wp\/v2\/pages\/6614"}],"collection":[{"href":"https:\/\/www.garten-winkler.it\/it\/wp-json\/wp\/v2\/pages"}],"about":[{"href":"https:\/\/www.garten-winkler.it\/it\/wp-json\/wp\/v2\/types\/page"}],"author":[{"embeddable":true,"href":"https:\/\/www.garten-winkler.it\/it\/wp-json\/wp\/v2\/users\/1"}],"replies":[{"embeddable":true,"href":"https:\/\/www.garten-winkler.it\/it\/wp-json\/wp\/v2\/comments?post=6614"}],"version-history":[{"count":0,"href":"https:\/\/www.garten-winkler.it\/it\/wp-json\/wp\/v2\/pages\/6614\/revisions"}],"up":[{"embeddable":true,"href":"https:\/\/www.garten-winkler.it\/it\/wp-json\/wp\/v2\/pages\/4513"}],"wp:attachment":[{"href":"https:\/\/www.garten-winkler.it\/it\/wp-json\/wp\/v2\/media?parent=6614"}],"curies":[{"name":"wp","href":"https:\/\/api.w.org\/{rel}","templated":true}]}}