{"id":6628,"date":"2024-04-08T16:48:32","date_gmt":"2024-04-08T14:48:32","guid":{"rendered":"https:\/\/www.garten-winkler.it\/servizi\/cura-del-giardino\/"},"modified":"2024-04-08T16:48:32","modified_gmt":"2024-04-08T14:48:32","slug":"cura-del-giardino","status":"publish","type":"page","link":"https:\/\/www.garten-winkler.it\/it\/servizi\/cura-del-giardino\/","title":{"rendered":"Cura del giardino"},"content":{"rendered":"<div id='av_section_1'  class='avia-section av-b46uyz-5faa14ca341575d96b6f079be8e98cb5 main_color avia-section-default avia-no-shadow  avia-builder-el-0  avia-builder-el-no-sibling  avia-bg-style-scroll container_wrap sidebar_right'  ><div class='container av-section-cont-open' ><main  role=\"main\" itemprop=\"mainContentOfPage\"  class='template-page content  av-content-small alpha units'><div class='post-entry post-entry-type-page post-entry-6628'><div class='entry-content-wrapper clearfix'>\n\n<style type=\"text\/css\" data-created_by=\"avia_inline_auto\" id=\"style-css-av-8kgtij-9777adb86247d5d60cb0ae09dd60f557\">\n.flex_column.av-8kgtij-9777adb86247d5d60cb0ae09dd60f557{\n-webkit-border-radius:0px 0px 0px 0px;\n-moz-border-radius:0px 0px 0px 0px;\nborder-radius:0px 0px 0px 0px;\npadding:0px 0px 0px 0px;\n}\n<\/style>\n<div class='flex_column av-8kgtij-9777adb86247d5d60cb0ae09dd60f557 av_one_full  avia-builder-el-1  el_before_av_one_third  avia-builder-el-first  first flex_column_div av-zero-column-padding '     ><style type=\"text\/css\" data-created_by=\"avia_inline_auto\" id=\"style-css-av-lseabzuw-101bc4df40758f7d1f94a250aa6dc620\">\n#top .av-special-heading.av-lseabzuw-101bc4df40758f7d1f94a250aa6dc620{\npadding-bottom:10px;\ncolor:#000000;\nfont-size:40px;\n}\nbody .av-special-heading.av-lseabzuw-101bc4df40758f7d1f94a250aa6dc620 .av-special-heading-tag .heading-char{\nfont-size:25px;\n}\n#top #wrap_all .av-special-heading.av-lseabzuw-101bc4df40758f7d1f94a250aa6dc620 .av-special-heading-tag{\nfont-size:40px;\n}\n.av-special-heading.av-lseabzuw-101bc4df40758f7d1f94a250aa6dc620 .special-heading-inner-border{\nborder-color:#000000;\n}\n.av-special-heading.av-lseabzuw-101bc4df40758f7d1f94a250aa6dc620 .av-subheading{\nfont-size:12px;\n}\n\n@media only screen and (min-width: 480px) and (max-width: 767px){ \n#top #wrap_all .av-special-heading.av-lseabzuw-101bc4df40758f7d1f94a250aa6dc620 .av-special-heading-tag{\nfont-size:0.8em;\n}\n}\n\n@media only screen and (max-width: 479px){ \n#top #wrap_all .av-special-heading.av-lseabzuw-101bc4df40758f7d1f94a250aa6dc620 .av-special-heading-tag{\nfont-size:0.8em;\n}\n}\n<\/style>\n<div  class='av-special-heading av-lseabzuw-101bc4df40758f7d1f94a250aa6dc620 av-special-heading-h1 custom-color-heading blockquote modern-quote  avia-builder-el-2  avia-builder-el-no-sibling  av-inherit-size'><h1 class='av-special-heading-tag'  itemprop=\"headline\"  >Cura del giardino<\/h1><div class=\"special-heading-border\"><div class=\"special-heading-inner-border\"><\/div><\/div><\/div><\/div>\n<style type=\"text\/css\" data-created_by=\"avia_inline_auto\" id=\"style-css-av-7qc2l7-5cf254191cd2dbf232f8e4482df265a3\">\n.flex_column.av-7qc2l7-5cf254191cd2dbf232f8e4482df265a3{\n-webkit-border-radius:0px 0px 0px 0px;\n-moz-border-radius:0px 0px 0px 0px;\nborder-radius:0px 0px 0px 0px;\npadding:0px 0px 0px 0px;\n}\n<\/style>\n<div class='flex_column av-7qc2l7-5cf254191cd2dbf232f8e4482df265a3 av_one_third  avia-builder-el-3  el_after_av_one_full  el_before_av_one_third  first flex_column_div av-zero-column-padding column-top-margin'     ><section  class='av_textblock_section av-ns6wb-720d46cd112d83892a822b26262db36f'  itemscope=\"itemscope\" itemtype=\"https:\/\/schema.org\/CreativeWork\" ><div class='avia_textblock'  itemprop=\"text\" ><p style=\"font-weight: 400;\">Offriamo una manutenzione professionale del giardino per garantire che il vostro giardino abbia il suo aspetto migliore tutto l&#8217;anno. I nostri giardinieri esperti si occupano di tutti gli aspetti della manutenzione del giardino, dalla regolare rasatura del prato alla rimozione delle erbacce, fino alla cura stagionale delle piante e alla potatura.<\/p>\n<\/div><\/section><\/div>\n<style type=\"text\/css\" data-created_by=\"avia_inline_auto\" id=\"style-css-av-41lh9n-39e5428e156fba93f59d060732ec6faf\">\n.flex_column.av-41lh9n-39e5428e156fba93f59d060732ec6faf{\n-webkit-border-radius:0px 0px 0px 0px;\n-moz-border-radius:0px 0px 0px 0px;\nborder-radius:0px 0px 0px 0px;\npadding:0px 0px 0px 0px;\n}\n<\/style>\n<div class='flex_column av-41lh9n-39e5428e156fba93f59d060732ec6faf av_one_third  avia-builder-el-5  el_after_av_one_third  el_before_av_masonry_gallery  avia-builder-el-last  flex_column_div av-zero-column-padding column-top-margin'     ><section  class='av_textblock_section av-21v6az-5bdfda15406ce2c4da951b28def7e926'  itemscope=\"itemscope\" itemtype=\"https:\/\/schema.org\/CreativeWork\" ><div class='avia_textblock'  itemprop=\"text\" ><p>Il nostro obiettivo \u00e8 quello di trasformare il vostro giardino in un rifugio invitante e curato, dove potrete godere appieno della natura. Affidatevi alla nostra esperienza e lasciateci lavorare insieme per far risplendere il vostro giardino.<\/p>\n<\/div><\/section><\/div><div id='av-masonry-1' class='av-masonry av-lseae09e-fb75168c87b478d65d26cd56dfa97a0c noHover av-fixed-size av-large-gap av-hover-overlay-active av-masonry-animation-active av-masonry-col-3 av-caption-always av-caption-style- av-masonry-gallery ' data-post_id=\"6628\"><div class=\"av-masonry-container isotope av-js-disabled\"><div class='av-masonry-entry isotope-item av-masonry-item-no-image '><\/div><a href=\"https:\/\/www.garten-winkler.it\/wp-content\/uploads\/2024\/02\/Gartenpflege_360-687x1030.jpg\" data-srcset=\"https:\/\/www.garten-winkler.it\/wp-content\/uploads\/2024\/02\/Gartenpflege_360-687x1030.jpg 687w, https:\/\/www.garten-winkler.it\/wp-content\/uploads\/2024\/02\/Gartenpflege_360-200x300.jpg 200w, https:\/\/www.garten-winkler.it\/wp-content\/uploads\/2024\/02\/Gartenpflege_360-768x1152.jpg 768w, https:\/\/www.garten-winkler.it\/wp-content\/uploads\/2024\/02\/Gartenpflege_360-470x705.jpg 470w, https:\/\/www.garten-winkler.it\/wp-content\/uploads\/2024\/02\/Gartenpflege_360.jpg 800w\" data-sizes=\"(max-width: 687px) 100vw, 687px\"  aria-label=\"immagine Gartenpflege_360\"  id='av-masonry-1-item-6477' data-av-masonry-item='6477' class='av-masonry-entry isotope-item post-6477 attachment type-attachment status-inherit hentry  av-masonry-item-with-image av-grid-img' title=\"Gartenpflege_360\" alt=\"\"    itemprop=\"thumbnailUrl\" ><div class='av-inner-masonry-sizer'><\/div><figure class='av-inner-masonry main_color'><div class=\"av-masonry-outerimage-container\"><div class='av-masonry-image-container' style=\"background-image: url(https:\/\/www.garten-winkler.it\/wp-content\/uploads\/2024\/02\/Gartenpflege_360-470x705.jpg);\"  title=\"Gartenpflege_360\"  ><\/div><\/div><figcaption class='av-inner-masonry-content site-background'><div class='av-inner-masonry-content-pos'><div class='av-inner-masonry-content-pos-content'><div class='avia-arrow'><\/div><div class='av-masonry-entry-content entry-content'  itemprop=\"text\" >Nr. 360<\/div><\/div><\/div><\/figcaption><\/figure><\/a><!--end av-masonry entry--><a href=\"https:\/\/www.garten-winkler.it\/wp-content\/uploads\/2024\/02\/Gartenpflege_361-1030x687.jpg\" data-srcset=\"https:\/\/www.garten-winkler.it\/wp-content\/uploads\/2024\/02\/Gartenpflege_361-1030x687.jpg 1030w, https:\/\/www.garten-winkler.it\/wp-content\/uploads\/2024\/02\/Gartenpflege_361-300x200.jpg 300w, https:\/\/www.garten-winkler.it\/wp-content\/uploads\/2024\/02\/Gartenpflege_361-768x512.jpg 768w, https:\/\/www.garten-winkler.it\/wp-content\/uploads\/2024\/02\/Gartenpflege_361-705x470.jpg 705w, https:\/\/www.garten-winkler.it\/wp-content\/uploads\/2024\/02\/Gartenpflege_361.jpg 1200w\" data-sizes=\"(max-width: 1030px) 100vw, 1030px\"  aria-label=\"immagine Gartenpflege_361\"  id='av-masonry-1-item-6479' data-av-masonry-item='6479' class='av-masonry-entry isotope-item post-6479 attachment type-attachment status-inherit hentry  av-masonry-item-with-image av-grid-img' title=\"Gartenpflege_361\" alt=\"\"    itemprop=\"thumbnailUrl\" ><div class='av-inner-masonry-sizer'><\/div><figure class='av-inner-masonry main_color'><div class=\"av-masonry-outerimage-container\"><div class='av-masonry-image-container' style=\"background-image: url(https:\/\/www.garten-winkler.it\/wp-content\/uploads\/2024\/02\/Gartenpflege_361-705x470.jpg);\"  title=\"Gartenpflege_361\"  ><\/div><\/div><figcaption class='av-inner-masonry-content site-background'><div class='av-inner-masonry-content-pos'><div class='av-inner-masonry-content-pos-content'><div class='avia-arrow'><\/div><div class='av-masonry-entry-content entry-content'  itemprop=\"text\" >Nr. 361<\/div><\/div><\/div><\/figcaption><\/figure><\/a><!--end av-masonry entry--><a href=\"https:\/\/www.garten-winkler.it\/wp-content\/uploads\/2024\/02\/Gartenpflege_362-1030x687.jpg\" data-srcset=\"https:\/\/www.garten-winkler.it\/wp-content\/uploads\/2024\/02\/Gartenpflege_362-1030x687.jpg 1030w, https:\/\/www.garten-winkler.it\/wp-content\/uploads\/2024\/02\/Gartenpflege_362-300x200.jpg 300w, https:\/\/www.garten-winkler.it\/wp-content\/uploads\/2024\/02\/Gartenpflege_362-768x512.jpg 768w, https:\/\/www.garten-winkler.it\/wp-content\/uploads\/2024\/02\/Gartenpflege_362-705x470.jpg 705w, https:\/\/www.garten-winkler.it\/wp-content\/uploads\/2024\/02\/Gartenpflege_362.jpg 1200w\" data-sizes=\"(max-width: 1030px) 100vw, 1030px\"  aria-label=\"immagine Gartenpflege_362\"  id='av-masonry-1-item-6481' data-av-masonry-item='6481' class='av-masonry-entry isotope-item post-6481 attachment type-attachment status-inherit hentry  av-masonry-item-with-image av-grid-img' title=\"Gartenpflege_362\" alt=\"\"    itemprop=\"thumbnailUrl\" ><div class='av-inner-masonry-sizer'><\/div><figure class='av-inner-masonry main_color'><div class=\"av-masonry-outerimage-container\"><div class='av-masonry-image-container' style=\"background-image: url(https:\/\/www.garten-winkler.it\/wp-content\/uploads\/2024\/02\/Gartenpflege_362-705x470.jpg);\"  title=\"Gartenpflege_362\"  ><\/div><\/div><figcaption class='av-inner-masonry-content site-background'><div class='av-inner-masonry-content-pos'><div class='av-inner-masonry-content-pos-content'><div class='avia-arrow'><\/div><div class='av-masonry-entry-content entry-content'  itemprop=\"text\" >Nr. 362<\/div><\/div><\/div><\/figcaption><\/figure><\/a><!--end av-masonry entry--><a href=\"https:\/\/www.garten-winkler.it\/wp-content\/uploads\/2024\/02\/Gartenpflege_363-773x1030.jpg\" data-srcset=\"https:\/\/www.garten-winkler.it\/wp-content\/uploads\/2024\/02\/Gartenpflege_363-773x1030.jpg 773w, https:\/\/www.garten-winkler.it\/wp-content\/uploads\/2024\/02\/Gartenpflege_363-225x300.jpg 225w, https:\/\/www.garten-winkler.it\/wp-content\/uploads\/2024\/02\/Gartenpflege_363-768x1024.jpg 768w, https:\/\/www.garten-winkler.it\/wp-content\/uploads\/2024\/02\/Gartenpflege_363-529x705.jpg 529w, https:\/\/www.garten-winkler.it\/wp-content\/uploads\/2024\/02\/Gartenpflege_363.jpg 900w\" data-sizes=\"(max-width: 773px) 100vw, 773px\"  aria-label=\"immagine La cura del giardino\"  id='av-masonry-1-item-6483' data-av-masonry-item='6483' class='av-masonry-entry isotope-item post-6483 attachment type-attachment status-inherit hentry  av-masonry-item-with-image av-grid-img' title=\"La cura del giardino\" alt=\"\"  data-av-masonry-custom-link=\"https:\/\/www.garten-winkler.it\/it\/servizi\/cura-del-giardino\/\"  itemprop=\"thumbnailUrl\" ><div class='av-inner-masonry-sizer'><\/div><figure class='av-inner-masonry main_color'><div class=\"av-masonry-outerimage-container\"><div class='av-masonry-image-container' style=\"background-image: url(https:\/\/www.garten-winkler.it\/wp-content\/uploads\/2024\/02\/Gartenpflege_363-529x705.jpg);\"  title=\"La cura del giardino\"  ><\/div><\/div><figcaption class='av-inner-masonry-content site-background'><div class='av-inner-masonry-content-pos'><div class='av-inner-masonry-content-pos-content'><div class='avia-arrow'><\/div><div class='av-masonry-entry-content entry-content'  itemprop=\"text\" >Nr. 363<\/div><\/div><\/div><\/figcaption><\/figure><\/a><!--end av-masonry entry--><a href=\"https:\/\/www.garten-winkler.it\/wp-content\/uploads\/2024\/02\/Gartenpflege_364-773x1030.jpg\" data-srcset=\"https:\/\/www.garten-winkler.it\/wp-content\/uploads\/2024\/02\/Gartenpflege_364-773x1030.jpg 773w, https:\/\/www.garten-winkler.it\/wp-content\/uploads\/2024\/02\/Gartenpflege_364-225x300.jpg 225w, https:\/\/www.garten-winkler.it\/wp-content\/uploads\/2024\/02\/Gartenpflege_364-768x1024.jpg 768w, https:\/\/www.garten-winkler.it\/wp-content\/uploads\/2024\/02\/Gartenpflege_364-529x705.jpg 529w, https:\/\/www.garten-winkler.it\/wp-content\/uploads\/2024\/02\/Gartenpflege_364.jpg 900w\" data-sizes=\"(max-width: 773px) 100vw, 773px\"  aria-label=\"immagine Gartenpflege_364\"  id='av-masonry-1-item-6485' data-av-masonry-item='6485' class='av-masonry-entry isotope-item post-6485 attachment type-attachment status-inherit hentry  av-masonry-item-with-image av-grid-img' title=\"Gartenpflege_364\" alt=\"\"    itemprop=\"thumbnailUrl\" ><div class='av-inner-masonry-sizer'><\/div><figure class='av-inner-masonry main_color'><div class=\"av-masonry-outerimage-container\"><div class='av-masonry-image-container' style=\"background-image: url(https:\/\/www.garten-winkler.it\/wp-content\/uploads\/2024\/02\/Gartenpflege_364-529x705.jpg);\"  title=\"Gartenpflege_364\"  ><\/div><\/div><figcaption class='av-inner-masonry-content site-background'><div class='av-inner-masonry-content-pos'><div class='av-inner-masonry-content-pos-content'><div class='avia-arrow'><\/div><div class='av-masonry-entry-content entry-content'  itemprop=\"text\" >Nr. 364<\/div><\/div><\/div><\/figcaption><\/figure><\/a><!--end av-masonry entry--><a href=\"https:\/\/www.garten-winkler.it\/wp-content\/uploads\/2024\/02\/Gartenpflege_365-773x1030.jpg\" data-srcset=\"https:\/\/www.garten-winkler.it\/wp-content\/uploads\/2024\/02\/Gartenpflege_365-773x1030.jpg 773w, https:\/\/www.garten-winkler.it\/wp-content\/uploads\/2024\/02\/Gartenpflege_365-225x300.jpg 225w, https:\/\/www.garten-winkler.it\/wp-content\/uploads\/2024\/02\/Gartenpflege_365-768x1024.jpg 768w, https:\/\/www.garten-winkler.it\/wp-content\/uploads\/2024\/02\/Gartenpflege_365-529x705.jpg 529w, https:\/\/www.garten-winkler.it\/wp-content\/uploads\/2024\/02\/Gartenpflege_365.jpg 900w\" data-sizes=\"(max-width: 773px) 100vw, 773px\"  aria-label=\"immagine Gartenpflege_365\"  id='av-masonry-1-item-6487' data-av-masonry-item='6487' class='av-masonry-entry isotope-item post-6487 attachment type-attachment status-inherit hentry  av-masonry-item-with-image av-grid-img' title=\"Gartenpflege_365\" alt=\"\"    itemprop=\"thumbnailUrl\" ><div class='av-inner-masonry-sizer'><\/div><figure class='av-inner-masonry main_color'><div class=\"av-masonry-outerimage-container\"><div class='av-masonry-image-container' style=\"background-image: url(https:\/\/www.garten-winkler.it\/wp-content\/uploads\/2024\/02\/Gartenpflege_365-529x705.jpg);\"  title=\"Gartenpflege_365\"  ><\/div><\/div><figcaption class='av-inner-masonry-content site-background'><div class='av-inner-masonry-content-pos'><div class='av-inner-masonry-content-pos-content'><div class='avia-arrow'><\/div><div class='av-masonry-entry-content entry-content'  itemprop=\"text\" >Nr. 365<\/div><\/div><\/div><\/figcaption><\/figure><\/a><!--end av-masonry entry--><\/div><\/div>\n<\/div><\/div><\/main><!-- close content main element --><\/div><\/div><div id='after_section_1'  class='main_color av_default_container_wrap container_wrap sidebar_right'  ><div class='container av-section-cont-open' ><div class='template-page content  av-content-small alpha units'><div class='post-entry post-entry-type-page post-entry-6628'><div class='entry-content-wrapper clearfix'>\n","protected":false},"excerpt":{"rendered":"","protected":false},"author":1,"featured_media":0,"parent":4513,"menu_order":0,"comment_status":"closed","ping_status":"closed","template":"","meta":{"footnotes":""},"yoast_head":"<!-- This site is optimized with the Yoast SEO plugin v23.4 - https:\/\/yoast.com\/wordpress\/plugins\/seo\/ -->\n<title>Cura del giardino - Garten Winkler, Au\u00dfengestaltung, Rasen, Pflanzarbeiten, Teichbau, Dachbegr\u00fcnung<\/title>\n<meta name=\"robots\" content=\"index, follow, max-snippet:-1, max-image-preview:large, max-video-preview:-1\" \/>\n<link rel=\"canonical\" href=\"https:\/\/www.garten-winkler.it\/it\/servizi\/cura-del-giardino\/\" \/>\n<meta property=\"og:locale\" content=\"it_IT\" \/>\n<meta property=\"og:type\" content=\"article\" \/>\n<meta property=\"og:title\" content=\"Cura del giardino - Garten Winkler, Au\u00dfengestaltung, Rasen, Pflanzarbeiten, Teichbau, Dachbegr\u00fcnung\" \/>\n<meta property=\"og:url\" content=\"https:\/\/www.garten-winkler.it\/it\/servizi\/cura-del-giardino\/\" \/>\n<meta property=\"og:site_name\" content=\"Garten Winkler, Au\u00dfengestaltung, Rasen, Pflanzarbeiten, Teichbau, Dachbegr\u00fcnung\" \/>\n<meta name=\"twitter:card\" content=\"summary_large_image\" \/>\n<meta name=\"twitter:label1\" content=\"Tempo di lettura stimato\" \/>\n\t<meta name=\"twitter:data1\" content=\"4 minuti\" \/>\n<script type=\"application\/ld+json\" class=\"yoast-schema-graph\">{\"@context\":\"https:\/\/schema.org\",\"@graph\":[{\"@type\":\"WebPage\",\"@id\":\"https:\/\/www.garten-winkler.it\/it\/servizi\/cura-del-giardino\/\",\"url\":\"https:\/\/www.garten-winkler.it\/it\/servizi\/cura-del-giardino\/\",\"name\":\"Cura del giardino - Garten Winkler, Au\u00dfengestaltung, Rasen, Pflanzarbeiten, Teichbau, Dachbegr\u00fcnung\",\"isPartOf\":{\"@id\":\"https:\/\/www.garten-winkler.it\/it\/#website\"},\"datePublished\":\"2024-04-08T14:48:32+00:00\",\"dateModified\":\"2024-04-08T14:48:32+00:00\",\"breadcrumb\":{\"@id\":\"https:\/\/www.garten-winkler.it\/it\/servizi\/cura-del-giardino\/#breadcrumb\"},\"inLanguage\":\"it-IT\",\"potentialAction\":[{\"@type\":\"ReadAction\",\"target\":[\"https:\/\/www.garten-winkler.it\/it\/servizi\/cura-del-giardino\/\"]}]},{\"@type\":\"BreadcrumbList\",\"@id\":\"https:\/\/www.garten-winkler.it\/it\/servizi\/cura-del-giardino\/#breadcrumb\",\"itemListElement\":[{\"@type\":\"ListItem\",\"position\":1,\"name\":\"Home\",\"item\":\"https:\/\/www.garten-winkler.it\/it\/home\/\"},{\"@type\":\"ListItem\",\"position\":2,\"name\":\"Servizi\",\"item\":\"https:\/\/www.garten-winkler.it\/it\/servizi\/\"},{\"@type\":\"ListItem\",\"position\":3,\"name\":\"Cura del giardino\"}]},{\"@type\":\"WebSite\",\"@id\":\"https:\/\/www.garten-winkler.it\/it\/#website\",\"url\":\"https:\/\/www.garten-winkler.it\/it\/\",\"name\":\"Garten Winkler, Au\u00dfengestaltung, Rasen, Pflanzarbeiten, Teichbau, Dachbegr\u00fcnung\",\"description\":\"Es gr\u00fcnt so gr\u00fcn, wenn Winklers G\u00e4rten bl\u00fchn\",\"potentialAction\":[{\"@type\":\"SearchAction\",\"target\":{\"@type\":\"EntryPoint\",\"urlTemplate\":\"https:\/\/www.garten-winkler.it\/it\/?s={search_term_string}\"},\"query-input\":{\"@type\":\"PropertyValueSpecification\",\"valueRequired\":true,\"valueName\":\"search_term_string\"}}],\"inLanguage\":\"it-IT\"}]}<\/script>\n<!-- \/ Yoast SEO plugin. -->","yoast_head_json":{"title":"Cura del giardino - Garten Winkler, Au\u00dfengestaltung, Rasen, Pflanzarbeiten, Teichbau, Dachbegr\u00fcnung","robots":{"index":"index","follow":"follow","max-snippet":"max-snippet:-1","max-image-preview":"max-image-preview:large","max-video-preview":"max-video-preview:-1"},"canonical":"https:\/\/www.garten-winkler.it\/it\/servizi\/cura-del-giardino\/","og_locale":"it_IT","og_type":"article","og_title":"Cura del giardino - Garten Winkler, Au\u00dfengestaltung, Rasen, Pflanzarbeiten, Teichbau, Dachbegr\u00fcnung","og_url":"https:\/\/www.garten-winkler.it\/it\/servizi\/cura-del-giardino\/","og_site_name":"Garten Winkler, Au\u00dfengestaltung, Rasen, Pflanzarbeiten, Teichbau, Dachbegr\u00fcnung","twitter_card":"summary_large_image","twitter_misc":{"Tempo di lettura stimato":"4 minuti"},"schema":{"@context":"https:\/\/schema.org","@graph":[{"@type":"WebPage","@id":"https:\/\/www.garten-winkler.it\/it\/servizi\/cura-del-giardino\/","url":"https:\/\/www.garten-winkler.it\/it\/servizi\/cura-del-giardino\/","name":"Cura del giardino - Garten Winkler, Au\u00dfengestaltung, Rasen, Pflanzarbeiten, Teichbau, Dachbegr\u00fcnung","isPartOf":{"@id":"https:\/\/www.garten-winkler.it\/it\/#website"},"datePublished":"2024-04-08T14:48:32+00:00","dateModified":"2024-04-08T14:48:32+00:00","breadcrumb":{"@id":"https:\/\/www.garten-winkler.it\/it\/servizi\/cura-del-giardino\/#breadcrumb"},"inLanguage":"it-IT","potentialAction":[{"@type":"ReadAction","target":["https:\/\/www.garten-winkler.it\/it\/servizi\/cura-del-giardino\/"]}]},{"@type":"BreadcrumbList","@id":"https:\/\/www.garten-winkler.it\/it\/servizi\/cura-del-giardino\/#breadcrumb","itemListElement":[{"@type":"ListItem","position":1,"name":"Home","item":"https:\/\/www.garten-winkler.it\/it\/home\/"},{"@type":"ListItem","position":2,"name":"Servizi","item":"https:\/\/www.garten-winkler.it\/it\/servizi\/"},{"@type":"ListItem","position":3,"name":"Cura del giardino"}]},{"@type":"WebSite","@id":"https:\/\/www.garten-winkler.it\/it\/#website","url":"https:\/\/www.garten-winkler.it\/it\/","name":"Garten Winkler, Au\u00dfengestaltung, Rasen, Pflanzarbeiten, Teichbau, Dachbegr\u00fcnung","description":"Es gr\u00fcnt so gr\u00fcn, wenn Winklers G\u00e4rten bl\u00fchn","potentialAction":[{"@type":"SearchAction","target":{"@type":"EntryPoint","urlTemplate":"https:\/\/www.garten-winkler.it\/it\/?s={search_term_string}"},"query-input":{"@type":"PropertyValueSpecification","valueRequired":true,"valueName":"search_term_string"}}],"inLanguage":"it-IT"}]}},"_links":{"self":[{"href":"https:\/\/www.garten-winkler.it\/it\/wp-json\/wp\/v2\/pages\/6628"}],"collection":[{"href":"https:\/\/www.garten-winkler.it\/it\/wp-json\/wp\/v2\/pages"}],"about":[{"href":"https:\/\/www.garten-winkler.it\/it\/wp-json\/wp\/v2\/types\/page"}],"author":[{"embeddable":true,"href":"https:\/\/www.garten-winkler.it\/it\/wp-json\/wp\/v2\/users\/1"}],"replies":[{"embeddable":true,"href":"https:\/\/www.garten-winkler.it\/it\/wp-json\/wp\/v2\/comments?post=6628"}],"version-history":[{"count":0,"href":"https:\/\/www.garten-winkler.it\/it\/wp-json\/wp\/v2\/pages\/6628\/revisions"}],"up":[{"embeddable":true,"href":"https:\/\/www.garten-winkler.it\/it\/wp-json\/wp\/v2\/pages\/4513"}],"wp:attachment":[{"href":"https:\/\/www.garten-winkler.it\/it\/wp-json\/wp\/v2\/media?parent=6628"}],"curies":[{"name":"wp","href":"https:\/\/api.w.org\/{rel}","templated":true}]}}