{"id":6634,"date":"2024-04-08T16:49:18","date_gmt":"2024-04-08T14:49:18","guid":{"rendered":"https:\/\/www.garten-winkler.it\/servizi\/tetto-verde-intenso\/"},"modified":"2024-04-23T09:14:54","modified_gmt":"2024-04-23T07:14:54","slug":"tetto-verde-intenso","status":"publish","type":"page","link":"https:\/\/www.garten-winkler.it\/it\/servizi\/tetto-verde-intenso\/","title":{"rendered":"Tetto verde intenso"},"content":{"rendered":"<div id='av_section_1'  class='avia-section av-74evuu-37565cb72420a022c7cacd8039b3433e main_color avia-section-default avia-no-shadow  avia-builder-el-0  avia-builder-el-no-sibling  avia-bg-style-scroll container_wrap sidebar_right'  ><div class='container av-section-cont-open' ><main  role=\"main\" itemprop=\"mainContentOfPage\"  class='template-page content  av-content-small alpha units'><div class='post-entry post-entry-type-page post-entry-6634'><div class='entry-content-wrapper clearfix'>\n\n<style type=\"text\/css\" data-created_by=\"avia_inline_auto\" id=\"style-css-av-583e6u-6b4f58aa460bcbe6a370a4a01999ce49\">\n.flex_column.av-583e6u-6b4f58aa460bcbe6a370a4a01999ce49{\n-webkit-border-radius:0px 0px 0px 0px;\n-moz-border-radius:0px 0px 0px 0px;\nborder-radius:0px 0px 0px 0px;\npadding:0px 0px 0px 0px;\n}\n<\/style>\n<div class='flex_column av-583e6u-6b4f58aa460bcbe6a370a4a01999ce49 av_one_full  avia-builder-el-1  el_before_av_one_third  avia-builder-el-first  first flex_column_div av-zero-column-padding '     ><style type=\"text\/css\" data-created_by=\"avia_inline_auto\" id=\"style-css-av-lscwa1fx-5c7adbd92d80787d0e2b95b728269bd3\">\n#top .av-special-heading.av-lscwa1fx-5c7adbd92d80787d0e2b95b728269bd3{\npadding-bottom:10px;\ncolor:#000000;\nfont-size:40px;\n}\nbody .av-special-heading.av-lscwa1fx-5c7adbd92d80787d0e2b95b728269bd3 .av-special-heading-tag .heading-char{\nfont-size:25px;\n}\n#top #wrap_all .av-special-heading.av-lscwa1fx-5c7adbd92d80787d0e2b95b728269bd3 .av-special-heading-tag{\nfont-size:40px;\n}\n.av-special-heading.av-lscwa1fx-5c7adbd92d80787d0e2b95b728269bd3 .special-heading-inner-border{\nborder-color:#000000;\n}\n.av-special-heading.av-lscwa1fx-5c7adbd92d80787d0e2b95b728269bd3 .av-subheading{\nfont-size:12px;\n}\n\n@media only screen and (min-width: 480px) and (max-width: 767px){ \n#top #wrap_all .av-special-heading.av-lscwa1fx-5c7adbd92d80787d0e2b95b728269bd3 .av-special-heading-tag{\nfont-size:0.8em;\n}\n}\n\n@media only screen and (max-width: 479px){ \n#top #wrap_all .av-special-heading.av-lscwa1fx-5c7adbd92d80787d0e2b95b728269bd3 .av-special-heading-tag{\nfont-size:0.8em;\n}\n}\n<\/style>\n<div  class='av-special-heading av-lscwa1fx-5c7adbd92d80787d0e2b95b728269bd3 av-special-heading-h1 custom-color-heading blockquote modern-quote  avia-builder-el-2  avia-builder-el-no-sibling  av-inherit-size'><h1 class='av-special-heading-tag'  itemprop=\"headline\"  >Tetto verde intenso<\/h1><div class=\"special-heading-border\"><div class=\"special-heading-inner-border\"><\/div><\/div><\/div><\/div>\n<style type=\"text\/css\" data-created_by=\"avia_inline_auto\" id=\"style-css-av-4np306-f9af17a7d7ad320f323e31c8bd959f00\">\n.flex_column.av-4np306-f9af17a7d7ad320f323e31c8bd959f00{\n-webkit-border-radius:0px 0px 0px 0px;\n-moz-border-radius:0px 0px 0px 0px;\nborder-radius:0px 0px 0px 0px;\npadding:0px 0px 0px 0px;\n}\n<\/style>\n<div class='flex_column av-4np306-f9af17a7d7ad320f323e31c8bd959f00 av_one_third  avia-builder-el-3  el_after_av_one_full  el_before_av_one_third  first flex_column_div av-zero-column-padding column-top-margin'     ><section  class='av_textblock_section av-lscxfwws-9bfe7d00b8c4bd12f87a1d0802941d3e'  itemscope=\"itemscope\" itemtype=\"https:\/\/schema.org\/CreativeWork\" ><div class='avia_textblock'  itemprop=\"text\" ><p style=\"font-weight: 400;\">I tetti verdi intensivi sono giardini su garage, cantine ed edifici. Ci\u00f2 richiede una struttura speciale del substrato. Aumentando lo spessore del substrato, queste aree possono essere trasformate in spazi verdi vivaci e diversificati. I tetti verdi intensivi consentono una ricca selezione di piante, dalle perenni da fiore ai piccoli arbusti e persino alle coltivazioni di ortaggi.<\/p>\n<\/div><\/section><\/div>\n<style type=\"text\/css\" data-created_by=\"avia_inline_auto\" id=\"style-css-av-2ouxg6-b56be45dfe8f59374898e0bfa07b7139\">\n.flex_column.av-2ouxg6-b56be45dfe8f59374898e0bfa07b7139{\n-webkit-border-radius:0px 0px 0px 0px;\n-moz-border-radius:0px 0px 0px 0px;\nborder-radius:0px 0px 0px 0px;\npadding:0px 0px 0px 0px;\n}\n<\/style>\n<div class='flex_column av-2ouxg6-b56be45dfe8f59374898e0bfa07b7139 av_one_third  avia-builder-el-5  el_after_av_one_third  el_before_av_masonry_gallery  avia-builder-el-last  flex_column_div av-zero-column-padding column-top-margin'     ><section  class='av_textblock_section av-lscxh62q-fa25b328f157f2415ad6f3629802c60b'  itemscope=\"itemscope\" itemtype=\"https:\/\/schema.org\/CreativeWork\" ><div class='avia_textblock'  itemprop=\"text\" ><p>Questi tetti viventi non solo forniscono un habitat per varie specie animali, ma anche un isolamento naturale che contribuisce all&#8217;efficienza energetica dell&#8217;edificio e regola la temperatura ambientale. I nostri team esperti progettano e realizzano tetti verdi intensivi con cura e competenza per creare una soluzione sostenibile e attraente che soddisfi le vostre esigenze individuali e trasformi il vostro tetto o la vostra terrazza in un paradiso verde.<\/p>\n<\/div><\/section><\/div><div id='av-masonry-1' class='av-masonry av-lscwbtz2-35e86fa43112ceab383964762670e62f noHover av-fixed-size av-large-gap av-hover-overlay-active av-masonry-animation-active av-masonry-col-3 av-caption-always av-caption-style- av-masonry-gallery ' data-post_id=\"6634\"><div class=\"av-masonry-container isotope av-js-disabled\"><div class='av-masonry-entry isotope-item av-masonry-item-no-image '><\/div><a href=\"https:\/\/www.garten-winkler.it\/wp-content\/uploads\/2024\/02\/Intensive_Dachbegruenung_194-1030x882.jpg\" data-srcset=\"https:\/\/www.garten-winkler.it\/wp-content\/uploads\/2024\/02\/Intensive_Dachbegruenung_194-1030x882.jpg 1030w, https:\/\/www.garten-winkler.it\/wp-content\/uploads\/2024\/02\/Intensive_Dachbegruenung_194-300x257.jpg 300w, https:\/\/www.garten-winkler.it\/wp-content\/uploads\/2024\/02\/Intensive_Dachbegruenung_194-768x658.jpg 768w, https:\/\/www.garten-winkler.it\/wp-content\/uploads\/2024\/02\/Intensive_Dachbegruenung_194-705x604.jpg 705w, https:\/\/www.garten-winkler.it\/wp-content\/uploads\/2024\/02\/Intensive_Dachbegruenung_194.jpg 1500w\" data-sizes=\"(max-width: 1030px) 100vw, 1030px\"  aria-label=\"immagine Intensive_Dachbegr\u00fcnung_194\"  id='av-masonry-1-item-6181' data-av-masonry-item='6181' class='av-masonry-entry isotope-item post-6181 attachment type-attachment status-inherit hentry  av-masonry-item-with-image av-grid-img' title=\"Intensive_Dachbegr\u00fcnung_194\" alt=\"\"    itemprop=\"thumbnailUrl\" ><div class='av-inner-masonry-sizer'><\/div><figure class='av-inner-masonry main_color'><div class=\"av-masonry-outerimage-container\"><div class='av-masonry-image-container' style=\"background-image: url(https:\/\/www.garten-winkler.it\/wp-content\/uploads\/2024\/02\/Intensive_Dachbegruenung_194-705x604.jpg);\"  title=\"Intensive_Dachbegr\u00fcnung_194\"  ><\/div><\/div><figcaption class='av-inner-masonry-content site-background'><div class='av-inner-masonry-content-pos'><div class='av-inner-masonry-content-pos-content'><div class='avia-arrow'><\/div><div class='av-masonry-entry-content entry-content'  itemprop=\"text\" >Nr. 194<\/div><\/div><\/div><\/figcaption><\/figure><\/a><!--end av-masonry entry--><a href=\"https:\/\/www.garten-winkler.it\/wp-content\/uploads\/2024\/02\/Intensive_Dachbegruenung_195-773x1030.jpg\" data-srcset=\"https:\/\/www.garten-winkler.it\/wp-content\/uploads\/2024\/02\/Intensive_Dachbegruenung_195-773x1030.jpg 773w, https:\/\/www.garten-winkler.it\/wp-content\/uploads\/2024\/02\/Intensive_Dachbegruenung_195-225x300.jpg 225w, https:\/\/www.garten-winkler.it\/wp-content\/uploads\/2024\/02\/Intensive_Dachbegruenung_195-768x1024.jpg 768w, https:\/\/www.garten-winkler.it\/wp-content\/uploads\/2024\/02\/Intensive_Dachbegruenung_195-529x705.jpg 529w, https:\/\/www.garten-winkler.it\/wp-content\/uploads\/2024\/02\/Intensive_Dachbegruenung_195.jpg 1125w\" data-sizes=\"(max-width: 773px) 100vw, 773px\"  aria-label=\"immagine Intensive_Dachbegr\u00fcnung_195\"  id='av-masonry-1-item-6183' data-av-masonry-item='6183' class='av-masonry-entry isotope-item post-6183 attachment type-attachment status-inherit hentry  av-masonry-item-with-image av-grid-img' title=\"Intensive_Dachbegr\u00fcnung_195\" alt=\"\"    itemprop=\"thumbnailUrl\" ><div class='av-inner-masonry-sizer'><\/div><figure class='av-inner-masonry main_color'><div class=\"av-masonry-outerimage-container\"><div class='av-masonry-image-container' style=\"background-image: url(https:\/\/www.garten-winkler.it\/wp-content\/uploads\/2024\/02\/Intensive_Dachbegruenung_195-529x705.jpg);\"  title=\"Intensive_Dachbegr\u00fcnung_195\"  ><\/div><\/div><figcaption class='av-inner-masonry-content site-background'><div class='av-inner-masonry-content-pos'><div class='av-inner-masonry-content-pos-content'><div class='avia-arrow'><\/div><div class='av-masonry-entry-content entry-content'  itemprop=\"text\" >Nr. 195<\/div><\/div><\/div><\/figcaption><\/figure><\/a><!--end av-masonry entry--><a href=\"https:\/\/www.garten-winkler.it\/wp-content\/uploads\/2024\/02\/Intensive_Dachbegruenung_196-657x1030.jpg\" data-srcset=\"https:\/\/www.garten-winkler.it\/wp-content\/uploads\/2024\/02\/Intensive_Dachbegruenung_196-657x1030.jpg 657w, https:\/\/www.garten-winkler.it\/wp-content\/uploads\/2024\/02\/Intensive_Dachbegruenung_196-191x300.jpg 191w, https:\/\/www.garten-winkler.it\/wp-content\/uploads\/2024\/02\/Intensive_Dachbegruenung_196-768x1204.jpg 768w, https:\/\/www.garten-winkler.it\/wp-content\/uploads\/2024\/02\/Intensive_Dachbegruenung_196-450x705.jpg 450w, https:\/\/www.garten-winkler.it\/wp-content\/uploads\/2024\/02\/Intensive_Dachbegruenung_196.jpg 957w\" data-sizes=\"(max-width: 657px) 100vw, 657px\"  aria-label=\"immagine Intensive_Dachbegr\u00fcnung_196\"  id='av-masonry-1-item-6189' data-av-masonry-item='6189' class='av-masonry-entry isotope-item post-6189 attachment type-attachment status-inherit hentry  av-masonry-item-with-image av-grid-img' title=\"Intensive_Dachbegr\u00fcnung_196\" alt=\"\"    itemprop=\"thumbnailUrl\" ><div class='av-inner-masonry-sizer'><\/div><figure class='av-inner-masonry main_color'><div class=\"av-masonry-outerimage-container\"><div class='av-masonry-image-container' style=\"background-image: url(https:\/\/www.garten-winkler.it\/wp-content\/uploads\/2024\/02\/Intensive_Dachbegruenung_196-450x705.jpg);\"  title=\"Intensive_Dachbegr\u00fcnung_196\"  ><\/div><\/div><figcaption class='av-inner-masonry-content site-background'><div class='av-inner-masonry-content-pos'><div class='av-inner-masonry-content-pos-content'><div class='avia-arrow'><\/div><div class='av-masonry-entry-content entry-content'  itemprop=\"text\" >Nr. 196<\/div><\/div><\/div><\/figcaption><\/figure><\/a><!--end av-masonry entry--><a href=\"https:\/\/www.garten-winkler.it\/wp-content\/uploads\/2024\/02\/Intensive_Dachbegruenung_197-1030x773.jpg\" data-srcset=\"https:\/\/www.garten-winkler.it\/wp-content\/uploads\/2024\/02\/Intensive_Dachbegruenung_197-1030x773.jpg 1030w, https:\/\/www.garten-winkler.it\/wp-content\/uploads\/2024\/02\/Intensive_Dachbegruenung_197-300x225.jpg 300w, https:\/\/www.garten-winkler.it\/wp-content\/uploads\/2024\/02\/Intensive_Dachbegruenung_197-768x576.jpg 768w, https:\/\/www.garten-winkler.it\/wp-content\/uploads\/2024\/02\/Intensive_Dachbegruenung_197-705x529.jpg 705w, https:\/\/www.garten-winkler.it\/wp-content\/uploads\/2024\/02\/Intensive_Dachbegruenung_197.jpg 1500w\" data-sizes=\"(max-width: 1030px) 100vw, 1030px\"  aria-label=\"immagine Intensive_Dachbegr\u00fcnung_197\"  id='av-masonry-1-item-6186' data-av-masonry-item='6186' class='av-masonry-entry isotope-item post-6186 attachment type-attachment status-inherit hentry  av-masonry-item-with-image av-grid-img' title=\"Intensive_Dachbegr\u00fcnung_197\" alt=\"\"    itemprop=\"thumbnailUrl\" ><div class='av-inner-masonry-sizer'><\/div><figure class='av-inner-masonry main_color'><div class=\"av-masonry-outerimage-container\"><div class='av-masonry-image-container' style=\"background-image: url(https:\/\/www.garten-winkler.it\/wp-content\/uploads\/2024\/02\/Intensive_Dachbegruenung_197-705x529.jpg);\"  title=\"Intensive_Dachbegr\u00fcnung_197\"  ><\/div><\/div><figcaption class='av-inner-masonry-content site-background'><div class='av-inner-masonry-content-pos'><div class='av-inner-masonry-content-pos-content'><div class='avia-arrow'><\/div><div class='av-masonry-entry-content entry-content'  itemprop=\"text\" >Nr. 197<\/div><\/div><\/div><\/figcaption><\/figure><\/a><!--end av-masonry entry--><a href=\"https:\/\/www.garten-winkler.it\/wp-content\/uploads\/2024\/02\/Intensive_Dachbegruenung_198-581x1030.jpg\" data-srcset=\"https:\/\/www.garten-winkler.it\/wp-content\/uploads\/2024\/02\/Intensive_Dachbegruenung_198-581x1030.jpg 581w, https:\/\/www.garten-winkler.it\/wp-content\/uploads\/2024\/02\/Intensive_Dachbegruenung_198-169x300.jpg 169w, https:\/\/www.garten-winkler.it\/wp-content\/uploads\/2024\/02\/Intensive_Dachbegruenung_198-768x1362.jpg 768w, https:\/\/www.garten-winkler.it\/wp-content\/uploads\/2024\/02\/Intensive_Dachbegruenung_198-398x705.jpg 398w, https:\/\/www.garten-winkler.it\/wp-content\/uploads\/2024\/02\/Intensive_Dachbegruenung_198.jpg 846w\" data-sizes=\"(max-width: 581px) 100vw, 581px\"  aria-label=\"immagine Intensive_Dachbegr\u00fcnung_198\"  id='av-masonry-1-item-6188' data-av-masonry-item='6188' class='av-masonry-entry isotope-item post-6188 attachment type-attachment status-inherit hentry  av-masonry-item-with-image av-portrait-img' title=\"Intensive_Dachbegr\u00fcnung_198\" alt=\"\"    itemprop=\"thumbnailUrl\" ><div class='av-inner-masonry-sizer'><\/div><figure class='av-inner-masonry main_color'><div class=\"av-masonry-outerimage-container\"><div class='av-masonry-image-container' style=\"background-image: url(https:\/\/www.garten-winkler.it\/wp-content\/uploads\/2024\/02\/Intensive_Dachbegruenung_198-398x705.jpg);\"  title=\"Intensive_Dachbegr\u00fcnung_198\"  ><\/div><\/div><figcaption class='av-inner-masonry-content site-background'><div class='av-inner-masonry-content-pos'><div class='av-inner-masonry-content-pos-content'><div class='avia-arrow'><\/div><div class='av-masonry-entry-content entry-content'  itemprop=\"text\" >Nr. 198<\/div><\/div><\/div><\/figcaption><\/figure><\/a><!--end av-masonry entry--><\/div><\/div>\n<\/div><\/div><\/main><!-- close content main element --><\/div><\/div><div id='after_section_1'  class='main_color av_default_container_wrap container_wrap sidebar_right'  ><div class='container av-section-cont-open' ><div class='template-page content  av-content-small alpha units'><div class='post-entry post-entry-type-page post-entry-6634'><div class='entry-content-wrapper clearfix'>\n","protected":false},"excerpt":{"rendered":"","protected":false},"author":1,"featured_media":0,"parent":4513,"menu_order":0,"comment_status":"closed","ping_status":"closed","template":"","meta":{"footnotes":""},"yoast_head":"<!-- This site is optimized with the Yoast SEO plugin v23.4 - https:\/\/yoast.com\/wordpress\/plugins\/seo\/ -->\n<title>Tetto verde intenso - Garten Winkler, Au\u00dfengestaltung, Rasen, Pflanzarbeiten, Teichbau, Dachbegr\u00fcnung<\/title>\n<meta name=\"robots\" content=\"index, follow, max-snippet:-1, max-image-preview:large, max-video-preview:-1\" \/>\n<link rel=\"canonical\" href=\"https:\/\/www.garten-winkler.it\/it\/servizi\/tetto-verde-intenso\/\" \/>\n<meta property=\"og:locale\" content=\"it_IT\" \/>\n<meta property=\"og:type\" content=\"article\" \/>\n<meta property=\"og:title\" content=\"Tetto verde intenso - Garten Winkler, Au\u00dfengestaltung, Rasen, Pflanzarbeiten, Teichbau, Dachbegr\u00fcnung\" \/>\n<meta property=\"og:url\" content=\"https:\/\/www.garten-winkler.it\/it\/servizi\/tetto-verde-intenso\/\" \/>\n<meta property=\"og:site_name\" content=\"Garten Winkler, Au\u00dfengestaltung, Rasen, Pflanzarbeiten, Teichbau, Dachbegr\u00fcnung\" \/>\n<meta property=\"article:modified_time\" content=\"2024-04-23T07:14:54+00:00\" \/>\n<meta name=\"twitter:card\" content=\"summary_large_image\" \/>\n<meta name=\"twitter:label1\" content=\"Tempo di lettura stimato\" \/>\n\t<meta name=\"twitter:data1\" content=\"4 minuti\" \/>\n<script type=\"application\/ld+json\" class=\"yoast-schema-graph\">{\"@context\":\"https:\/\/schema.org\",\"@graph\":[{\"@type\":\"WebPage\",\"@id\":\"https:\/\/www.garten-winkler.it\/it\/servizi\/tetto-verde-intenso\/\",\"url\":\"https:\/\/www.garten-winkler.it\/it\/servizi\/tetto-verde-intenso\/\",\"name\":\"Tetto verde intenso - Garten Winkler, Au\u00dfengestaltung, Rasen, Pflanzarbeiten, Teichbau, Dachbegr\u00fcnung\",\"isPartOf\":{\"@id\":\"https:\/\/www.garten-winkler.it\/it\/#website\"},\"datePublished\":\"2024-04-08T14:49:18+00:00\",\"dateModified\":\"2024-04-23T07:14:54+00:00\",\"breadcrumb\":{\"@id\":\"https:\/\/www.garten-winkler.it\/it\/servizi\/tetto-verde-intenso\/#breadcrumb\"},\"inLanguage\":\"it-IT\",\"potentialAction\":[{\"@type\":\"ReadAction\",\"target\":[\"https:\/\/www.garten-winkler.it\/it\/servizi\/tetto-verde-intenso\/\"]}]},{\"@type\":\"BreadcrumbList\",\"@id\":\"https:\/\/www.garten-winkler.it\/it\/servizi\/tetto-verde-intenso\/#breadcrumb\",\"itemListElement\":[{\"@type\":\"ListItem\",\"position\":1,\"name\":\"Home\",\"item\":\"https:\/\/www.garten-winkler.it\/it\/home\/\"},{\"@type\":\"ListItem\",\"position\":2,\"name\":\"Servizi\",\"item\":\"https:\/\/www.garten-winkler.it\/it\/servizi\/\"},{\"@type\":\"ListItem\",\"position\":3,\"name\":\"Tetto verde intenso\"}]},{\"@type\":\"WebSite\",\"@id\":\"https:\/\/www.garten-winkler.it\/it\/#website\",\"url\":\"https:\/\/www.garten-winkler.it\/it\/\",\"name\":\"Garten Winkler, Au\u00dfengestaltung, Rasen, Pflanzarbeiten, Teichbau, Dachbegr\u00fcnung\",\"description\":\"Es gr\u00fcnt so gr\u00fcn, wenn Winklers G\u00e4rten bl\u00fchn\",\"potentialAction\":[{\"@type\":\"SearchAction\",\"target\":{\"@type\":\"EntryPoint\",\"urlTemplate\":\"https:\/\/www.garten-winkler.it\/it\/?s={search_term_string}\"},\"query-input\":{\"@type\":\"PropertyValueSpecification\",\"valueRequired\":true,\"valueName\":\"search_term_string\"}}],\"inLanguage\":\"it-IT\"}]}<\/script>\n<!-- \/ Yoast SEO plugin. -->","yoast_head_json":{"title":"Tetto verde intenso - Garten Winkler, Au\u00dfengestaltung, Rasen, Pflanzarbeiten, Teichbau, Dachbegr\u00fcnung","robots":{"index":"index","follow":"follow","max-snippet":"max-snippet:-1","max-image-preview":"max-image-preview:large","max-video-preview":"max-video-preview:-1"},"canonical":"https:\/\/www.garten-winkler.it\/it\/servizi\/tetto-verde-intenso\/","og_locale":"it_IT","og_type":"article","og_title":"Tetto verde intenso - Garten Winkler, Au\u00dfengestaltung, Rasen, Pflanzarbeiten, Teichbau, Dachbegr\u00fcnung","og_url":"https:\/\/www.garten-winkler.it\/it\/servizi\/tetto-verde-intenso\/","og_site_name":"Garten Winkler, Au\u00dfengestaltung, Rasen, Pflanzarbeiten, Teichbau, Dachbegr\u00fcnung","article_modified_time":"2024-04-23T07:14:54+00:00","twitter_card":"summary_large_image","twitter_misc":{"Tempo di lettura stimato":"4 minuti"},"schema":{"@context":"https:\/\/schema.org","@graph":[{"@type":"WebPage","@id":"https:\/\/www.garten-winkler.it\/it\/servizi\/tetto-verde-intenso\/","url":"https:\/\/www.garten-winkler.it\/it\/servizi\/tetto-verde-intenso\/","name":"Tetto verde intenso - Garten Winkler, Au\u00dfengestaltung, Rasen, Pflanzarbeiten, Teichbau, Dachbegr\u00fcnung","isPartOf":{"@id":"https:\/\/www.garten-winkler.it\/it\/#website"},"datePublished":"2024-04-08T14:49:18+00:00","dateModified":"2024-04-23T07:14:54+00:00","breadcrumb":{"@id":"https:\/\/www.garten-winkler.it\/it\/servizi\/tetto-verde-intenso\/#breadcrumb"},"inLanguage":"it-IT","potentialAction":[{"@type":"ReadAction","target":["https:\/\/www.garten-winkler.it\/it\/servizi\/tetto-verde-intenso\/"]}]},{"@type":"BreadcrumbList","@id":"https:\/\/www.garten-winkler.it\/it\/servizi\/tetto-verde-intenso\/#breadcrumb","itemListElement":[{"@type":"ListItem","position":1,"name":"Home","item":"https:\/\/www.garten-winkler.it\/it\/home\/"},{"@type":"ListItem","position":2,"name":"Servizi","item":"https:\/\/www.garten-winkler.it\/it\/servizi\/"},{"@type":"ListItem","position":3,"name":"Tetto verde intenso"}]},{"@type":"WebSite","@id":"https:\/\/www.garten-winkler.it\/it\/#website","url":"https:\/\/www.garten-winkler.it\/it\/","name":"Garten Winkler, Au\u00dfengestaltung, Rasen, Pflanzarbeiten, Teichbau, Dachbegr\u00fcnung","description":"Es gr\u00fcnt so gr\u00fcn, wenn Winklers G\u00e4rten bl\u00fchn","potentialAction":[{"@type":"SearchAction","target":{"@type":"EntryPoint","urlTemplate":"https:\/\/www.garten-winkler.it\/it\/?s={search_term_string}"},"query-input":{"@type":"PropertyValueSpecification","valueRequired":true,"valueName":"search_term_string"}}],"inLanguage":"it-IT"}]}},"_links":{"self":[{"href":"https:\/\/www.garten-winkler.it\/it\/wp-json\/wp\/v2\/pages\/6634"}],"collection":[{"href":"https:\/\/www.garten-winkler.it\/it\/wp-json\/wp\/v2\/pages"}],"about":[{"href":"https:\/\/www.garten-winkler.it\/it\/wp-json\/wp\/v2\/types\/page"}],"author":[{"embeddable":true,"href":"https:\/\/www.garten-winkler.it\/it\/wp-json\/wp\/v2\/users\/1"}],"replies":[{"embeddable":true,"href":"https:\/\/www.garten-winkler.it\/it\/wp-json\/wp\/v2\/comments?post=6634"}],"version-history":[{"count":2,"href":"https:\/\/www.garten-winkler.it\/it\/wp-json\/wp\/v2\/pages\/6634\/revisions"}],"predecessor-version":[{"id":6857,"href":"https:\/\/www.garten-winkler.it\/it\/wp-json\/wp\/v2\/pages\/6634\/revisions\/6857"}],"up":[{"embeddable":true,"href":"https:\/\/www.garten-winkler.it\/it\/wp-json\/wp\/v2\/pages\/4513"}],"wp:attachment":[{"href":"https:\/\/www.garten-winkler.it\/it\/wp-json\/wp\/v2\/media?parent=6634"}],"curies":[{"name":"wp","href":"https:\/\/api.w.org\/{rel}","templated":true}]}}